{"id":108,"date":"2020-04-22T14:28:07","date_gmt":"2020-04-22T14:28:07","guid":{"rendered":"http:\/\/www.dwdporabka.pl\/?page_id=108"},"modified":"2020-04-22T14:46:12","modified_gmt":"2020-04-22T14:46:12","slug":"naukotechnika","status":"publish","type":"page","link":"https:\/\/www.dwdporabka.pl\/index.php\/naukotechnika\/","title":{"rendered":"Naukotechnika"},"content":{"rendered":"\n<figure class=\"wp-block-image size-large\"><img decoding=\"async\" src=\"http:\/\/naukotechnika.pl\/wp-content\/uploads\/2019\/09\/AZOT-U-NAS11.jpg\" alt=\"\"\/><figcaption><a href=\"http:\/\/naukotechnika.pl\/\">http:\/\/naukotechnika.pl<\/a><\/figcaption><\/figure>\n\n\n\n<p>Naukotechnika to interaktywna wystawa naukowa, kt\u00f3rej celem jest nauka poprzez zabaw\u0119.<\/p>\n\n\n\n<p>Na sali znajduj\u0105 si\u0119 stanowiska, na kt\u00f3rych mo\u017cna samodzielnie wykonywa\u0107 do\u015bwiadczenia fizyczne. W czasie zwiedzania animator wykonuje do\u015bwiadczenia oraz pokazy obrazuj\u0105ce r\u00f3\u017cne zjawiska fizyczne. Pokazy przeprowadzone s\u0105 w interaktywny spos\u00f3b, dlatego s\u0105 one ciekawe i przyst\u0119pne nawet dla osoby, kt\u00f3ra z fizyk\u0105 nigdy nie mia\u0142a do czynienia.<\/p>\n\n\n\n<p><strong>Pokaz ciek<\/strong><strong>\u0142<\/strong><strong>ego azotu<\/strong><\/p>\n\n\n\n<p><strong>Pokaz elektron<\/strong><\/p>\n\n\n\n<p><strong>Pokaz numizmatyka<\/strong><\/p>\n\n\n\n<p><strong>Pokaz turbo pr\u00f3<\/strong><strong>\u017c<\/strong><strong>nia<\/strong><\/p>\n\n\n\n<p><strong>Warsztaty geologiczne<\/strong><\/p>\n\n\n\n<p><strong>Warsztaty in<\/strong><strong>\u017c<\/strong><strong>ynierskie<\/strong><\/p>\n\n\n\n<p><strong>Wszystkie typy zaj\u0119\u0107 trwaj\u0105 godzin\u0119<\/strong><\/p>\n\n\n\n<p>Szczeg\u00f3\u0142owe informacje i ceny na stronie <a href=\"http:\/\/naukotechnika.pl\">http:\/\/naukotechnika.pl<\/a><\/p>\n\n\n\n<p>Ceny autokaru do uzgodnienia<\/p>\n\n\n\n<figure class=\"wp-block-image size-large\"><img decoding=\"async\" src=\"http:\/\/naukotechnika.pl\/wp-content\/uploads\/2019\/09\/AZOT-U-NAS05.jpg\" alt=\"\"\/><figcaption><a href=\"http:\/\/naukotechnika.pl\/\">http:\/\/naukotechnika.pl<\/a><\/figcaption><\/figure>\n\n\n\n<h1 class=\"wp-block-heading\">\u017byczymy niezapomnianych wra\u017ce\u0144!<\/h1>\n","protected":false},"excerpt":{"rendered":"<p>Naukotechnika to interaktywna wystawa naukowa, kt\u00f3rej celem jest nauka poprzez zabaw\u0119. Na sali znajduj\u0105 si\u0119 stanowiska, na kt\u00f3rych mo\u017cna samodzielnie wykonywa\u0107 do\u015bwiadczenia fizyczne. W czasie zwiedzania animator wykonuje do\u015bwiadczenia oraz pokazy obrazuj\u0105ce r\u00f3\u017cne zjawiska fizyczne. Pokazy przeprowadzone s\u0105 w interaktywny spos\u00f3b, dlatego s\u0105 one ciekawe i przyst\u0119pne nawet dla osoby, kt\u00f3ra z fizyk\u0105 nigdy nie [&hellip;]<\/p>\n","protected":false},"author":1,"featured_media":0,"parent":0,"menu_order":0,"comment_status":"closed","ping_status":"closed","template":"","meta":{"ngg_post_thumbnail":0,"footnotes":""},"class_list":["post-108","page","type-page","status-publish","hentry"],"aioseo_notices":[],"_links":{"self":[{"href":"https:\/\/www.dwdporabka.pl\/index.php\/wp-json\/wp\/v2\/pages\/108","targetHints":{"allow":["GET"]}}],"collection":[{"href":"https:\/\/www.dwdporabka.pl\/index.php\/wp-json\/wp\/v2\/pages"}],"about":[{"href":"https:\/\/www.dwdporabka.pl\/index.php\/wp-json\/wp\/v2\/types\/page"}],"author":[{"embeddable":true,"href":"https:\/\/www.dwdporabka.pl\/index.php\/wp-json\/wp\/v2\/users\/1"}],"replies":[{"embeddable":true,"href":"https:\/\/www.dwdporabka.pl\/index.php\/wp-json\/wp\/v2\/comments?post=108"}],"version-history":[{"count":3,"href":"https:\/\/www.dwdporabka.pl\/index.php\/wp-json\/wp\/v2\/pages\/108\/revisions"}],"predecessor-version":[{"id":120,"href":"https:\/\/www.dwdporabka.pl\/index.php\/wp-json\/wp\/v2\/pages\/108\/revisions\/120"}],"wp:attachment":[{"href":"https:\/\/www.dwdporabka.pl\/index.php\/wp-json\/wp\/v2\/media?parent=108"}],"curies":[{"name":"wp","href":"https:\/\/api.w.org\/{rel}","templated":true}]}}