{"id":116,"date":"2020-04-22T14:42:11","date_gmt":"2020-04-22T14:42:11","guid":{"rendered":"http:\/\/www.dwdporabka.pl\/?page_id=116"},"modified":"2020-04-22T14:44:04","modified_gmt":"2020-04-22T14:44:04","slug":"chlebowa-chata","status":"publish","type":"page","link":"https:\/\/www.dwdporabka.pl\/index.php\/chlebowa-chata\/","title":{"rendered":"Chlebowa Chata"},"content":{"rendered":"\n<p>Chlebowa Chata w G\u00f3rkach Ma\u0142ych<\/p>\n\n\n\n<p>zaprasza na spotkanie z okruchem tradycji.<\/p>\n\n\n\n<p>Agroturystyka? Muzeum? Skansen? Chlebowa Chata to tak naprawd\u0119 dawna wie\u015b w pigu\u0142ce, tyle \u017ce jakby&#8230; o\u017cywiona.<\/p>\n\n\n\n<p>Pokaz pieczenia chleba i robienia mas\u0142a odbywa si\u0119 w miejscu kt\u00f3re wprowadza w klimat&nbsp; czas\u00f3w sprzed 100 lat. Dowiemy si\u0119 jak wygl\u0105da\u0142o dawniej zwyk\u0142e \u017cycie &#8211; jak o\u015bwietla\u0142o si\u0119 dom i co by\u0142o w nim najwa\u017cniejsze, jak wygl\u0105da\u0142 prysznic i ile przys\u0142ugiwa\u0142o wody &#8222;na \u0142ebka&#8221;, a\u017c wreszcie jak pomie\u015bci\u0107 wszystkie dzieci do spania w niewielkiej izbie.<\/p>\n\n\n\n<figure class=\"wp-block-image size-large\"><img decoding=\"async\" src=\"http:\/\/www.chlebowachata.pl\/files\/chlebowachatawewnatrz5_prev.jpg\" alt=\"\"\/><figcaption><a href=\"http:\/\/www.chlebowachata.pl\/\"><strong>www.chlebowachata.pl<\/strong><\/a><\/figcaption><\/figure>\n\n\n\n<p>W chlebowej chacie mo\u017cna mieli\u0107 na \u017carnach, pom\u0142\u00f3ci\u0107 cepem, poczu\u0107 si\u0119 jak traktorzysta na powojennym Ursusie i kilku innych traktorach, wsiada\u0107 na sanie i bryczki, wej\u015b\u0107 na stary motocykl lub do wanny, a to jeszcze nie wszystko\u2026<\/p>\n\n\n\n<p>Dojazd to oko\u0142o 1 godz. , warsztaty \u2013 oko\u0142o 2 godz.<\/p>\n\n\n\n<figure class=\"wp-block-image size-large\"><img decoding=\"async\" src=\"http:\/\/www.chlebowachata.pl\/files\/chlebowachatawycieczka32_prev.jpg\" alt=\"\"\/><figcaption><a href=\"http:\/\/www.chlebowachata.pl\/\"><strong>www.chlebowachata.pl<\/strong><\/a><\/figcaption><\/figure>\n\n\n\n<p><strong>Aktualne ceny na stronie <\/strong><a href=\"http:\/\/www.chlebowachata.pl\"><strong>www.chlebowachata.pl<\/strong><\/a><\/p>\n\n\n\n<p><strong>Cena autokaru do uzgodnienia<\/strong><\/p>\n\n\n\n<p><strong>\u017byczymy ciekawych wra\u017ce\u0144!<\/strong><\/p>\n","protected":false},"excerpt":{"rendered":"<p>Chlebowa Chata w G\u00f3rkach Ma\u0142ych zaprasza na spotkanie z okruchem tradycji. Agroturystyka? Muzeum? Skansen? Chlebowa Chata to tak naprawd\u0119 dawna wie\u015b w pigu\u0142ce, tyle \u017ce jakby&#8230; o\u017cywiona. Pokaz pieczenia chleba i robienia mas\u0142a odbywa si\u0119 w miejscu kt\u00f3re wprowadza w klimat&nbsp; czas\u00f3w sprzed 100 lat. Dowiemy si\u0119 jak wygl\u0105da\u0142o dawniej zwyk\u0142e \u017cycie &#8211; jak o\u015bwietla\u0142o [&hellip;]<\/p>\n","protected":false},"author":1,"featured_media":0,"parent":0,"menu_order":0,"comment_status":"closed","ping_status":"closed","template":"","meta":{"ngg_post_thumbnail":0,"footnotes":""},"class_list":["post-116","page","type-page","status-publish","hentry"],"aioseo_notices":[],"_links":{"self":[{"href":"https:\/\/www.dwdporabka.pl\/index.php\/wp-json\/wp\/v2\/pages\/116","targetHints":{"allow":["GET"]}}],"collection":[{"href":"https:\/\/www.dwdporabka.pl\/index.php\/wp-json\/wp\/v2\/pages"}],"about":[{"href":"https:\/\/www.dwdporabka.pl\/index.php\/wp-json\/wp\/v2\/types\/page"}],"author":[{"embeddable":true,"href":"https:\/\/www.dwdporabka.pl\/index.php\/wp-json\/wp\/v2\/users\/1"}],"replies":[{"embeddable":true,"href":"https:\/\/www.dwdporabka.pl\/index.php\/wp-json\/wp\/v2\/comments?post=116"}],"version-history":[{"count":2,"href":"https:\/\/www.dwdporabka.pl\/index.php\/wp-json\/wp\/v2\/pages\/116\/revisions"}],"predecessor-version":[{"id":118,"href":"https:\/\/www.dwdporabka.pl\/index.php\/wp-json\/wp\/v2\/pages\/116\/revisions\/118"}],"wp:attachment":[{"href":"https:\/\/www.dwdporabka.pl\/index.php\/wp-json\/wp\/v2\/media?parent=116"}],"curies":[{"name":"wp","href":"https:\/\/api.w.org\/{rel}","templated":true}]}}