{"id":125,"date":"2020-04-22T14:52:12","date_gmt":"2020-04-22T14:52:12","guid":{"rendered":"http:\/\/www.dwdporabka.pl\/?page_id=125"},"modified":"2020-04-23T08:48:25","modified_gmt":"2020-04-23T08:48:25","slug":"lesny-park-niespodzianek","status":"publish","type":"page","link":"https:\/\/www.dwdporabka.pl\/index.php\/lesny-park-niespodzianek\/","title":{"rendered":"Le\u015bny Park Niespodzianek"},"content":{"rendered":"\n<p><strong>Le\u015bny Park Niespodzianek<\/strong> <strong>w Ustroniu<\/strong><\/p>\n\n\n\n<p>Wycieczk\u0119 autokarow\u0105 rozpoczynamy o godz. 9.00 rano. Oko\u0142o 10.30 jeste\u015bmy ju\u017c na miejscu, akurat, \u017ceby zd\u0105\u017cy\u0107 na pokaz lot\u00f3w ptak\u00f3w drapie\u017cnych na godz. 11.00. Zaraz potem pokaz lot\u00f3w s\u00f3w (godz. 12.00).&nbsp;<\/p>\n\n\n\n<p>Atrakcje parku to:<\/p>\n\n\n\n<ul class=\"wp-block-list\"><li>Spacer \u015bcie\u017ck\u0105 bajkow\u0105<\/li><li>Sokolarnia<\/li><li>Sowiarnia<\/li><li>Muzeum<\/li><li>Karmienie zwierz\u0105t<\/li><\/ul>\n\n\n\n<p>\u2026 a na koniec mo\u017cna si\u0119 pobawi\u0107 na placu zabaw.<\/p>\n\n\n\n<p>Powr\u00f3t ok. godz. 15.00\/16.00<\/p>\n\n\n\n<p><strong>Aktualne ceny&nbsp; na stronie<\/strong> <a href=\"http:\/\/www.lesnypark.pl\">www.lesnypark.pl<\/a><\/p>\n\n\n\n<p><strong>Cena autokaru do uzgodnienia<\/strong> \u017byczymy udanej wycieczki!<\/p>\n","protected":false},"excerpt":{"rendered":"<p>Le\u015bny Park Niespodzianek w Ustroniu Wycieczk\u0119 autokarow\u0105 rozpoczynamy o godz. 9.00 rano. Oko\u0142o 10.30 jeste\u015bmy ju\u017c na miejscu, akurat, \u017ceby zd\u0105\u017cy\u0107 na pokaz lot\u00f3w ptak\u00f3w drapie\u017cnych na godz. 11.00. Zaraz potem pokaz lot\u00f3w s\u00f3w (godz. 12.00).&nbsp; Atrakcje parku to: Spacer \u015bcie\u017ck\u0105 bajkow\u0105 Sokolarnia Sowiarnia Muzeum Karmienie zwierz\u0105t \u2026 a na koniec mo\u017cna si\u0119 pobawi\u0107 na [&hellip;]<\/p>\n","protected":false},"author":1,"featured_media":0,"parent":0,"menu_order":0,"comment_status":"closed","ping_status":"closed","template":"","meta":{"ngg_post_thumbnail":0,"footnotes":""},"class_list":["post-125","page","type-page","status-publish","hentry"],"aioseo_notices":[],"_links":{"self":[{"href":"https:\/\/www.dwdporabka.pl\/index.php\/wp-json\/wp\/v2\/pages\/125","targetHints":{"allow":["GET"]}}],"collection":[{"href":"https:\/\/www.dwdporabka.pl\/index.php\/wp-json\/wp\/v2\/pages"}],"about":[{"href":"https:\/\/www.dwdporabka.pl\/index.php\/wp-json\/wp\/v2\/types\/page"}],"author":[{"embeddable":true,"href":"https:\/\/www.dwdporabka.pl\/index.php\/wp-json\/wp\/v2\/users\/1"}],"replies":[{"embeddable":true,"href":"https:\/\/www.dwdporabka.pl\/index.php\/wp-json\/wp\/v2\/comments?post=125"}],"version-history":[{"count":2,"href":"https:\/\/www.dwdporabka.pl\/index.php\/wp-json\/wp\/v2\/pages\/125\/revisions"}],"predecessor-version":[{"id":160,"href":"https:\/\/www.dwdporabka.pl\/index.php\/wp-json\/wp\/v2\/pages\/125\/revisions\/160"}],"wp:attachment":[{"href":"https:\/\/www.dwdporabka.pl\/index.php\/wp-json\/wp\/v2\/media?parent=125"}],"curies":[{"name":"wp","href":"https:\/\/api.w.org\/{rel}","templated":true}]}}