{"id":134,"date":"2020-04-23T05:30:41","date_gmt":"2020-04-23T05:30:41","guid":{"rendered":"http:\/\/www.dwdporabka.pl\/?page_id=134"},"modified":"2024-04-19T09:35:38","modified_gmt":"2024-04-19T09:35:38","slug":"warto-zobaczyc","status":"publish","type":"page","link":"https:\/\/www.dwdporabka.pl\/index.php\/warto-zobaczyc\/","title":{"rendered":"Warto zobaczy\u0107"},"content":{"rendered":"\n<p><a href=\"https:\/\/www.dwdporabka.pl\/index.php\/muzeum-w-bielsku-bialej\/\">Muzeum w Bielsku-Bia\u0142ej<\/a><\/p>\n\n\n\n<p><a href=\"https:\/\/www.dwdporabka.pl\/index.php\/chlebowa-chata\/\">Chlebowa Chata<\/a><\/p>\n\n\n\n<p><a href=\"https:\/\/www.dwdporabka.pl\/index.php\/studio-filmow-rysunkowych\/\">Studio Film\u00f3w Rysunkowych<\/a><\/p>\n\n\n\n<p><a href=\"https:\/\/www.dwdporabka.pl\/index.php\/lesny-park-niespodzianek\/\">Le\u015bny Park Niespodzianek<\/a><\/p>\n\n\n\n<p>W okolicy jest wiele tras spacerowych. Mo\u017cna swobodnie porusza\u0107 si\u0119 miejscowymi \u015bcie\u017ckami g\u00f3rskimi lub skorzysta\u0107 z gotowych propozycji (np. zapora w Por\u0105bce czy Wzg\u00f3rze Wo\u0142ek).&nbsp;<\/p>\n\n\n\n<p>Mo\u017cna r\u00f3wnie\u017c zaplanowa\u0107 ca\u0142odzienn\u0105 wycieczk\u0119 piesz\u0105 na g\u00f3r\u0119 \u017bar lub podjecha\u0107 autobusem i skorzysta\u0107 z&nbsp;<a href=\"https:\/\/www.pkl.pl\/gora-zar\/gora-zar.html\">https:\/\/www.pkl.pl\/gora-zar\/gora-zar.html<\/a><\/p>\n\n\n\n<p>Spacerkiem wzd\u0142u\u017c wa\u0142u na Jeziorze Czanieckim mo\u017cna doj\u015b\u0107 do zapory w Cza\u0144cu. Ca\u0142kiem niedaleko jest r\u00f3wnie\u017c stadnina&nbsp;<a href=\"https:\/\/www.facebook.com\/people\/Konik-Na-Biegunach-hipoterapia-i-jazda-konna\/100063213640919\/?paipv=0&amp;eav=Afbzr_Izyafi6YliyMT7rt2L0KgM-qtyxo2xZmlVKwqBBnY-blx8VpD5_U2vWKPYLMo&amp;_rdr\">https:\/\/www.facebook.com\/people\/Konik-Na-Biegunach-hipoterapia-i-jazda-konna\/100063213640919\/?paipv=0&amp;eav=Afbzr_Izyafi6YliyMT7rt2L0KgM-qtyxo2xZmlVKwqBBnY-blx8VpD5_U2vWKPYLMo&amp;_rdr<\/a>&nbsp;<\/p>\n\n\n\n<p><br>Autokarem mo\u017cna dotrze\u0107 do K\u0119t (ok 15min) gdzie znajduje si\u0119 kryta p\u0142ywalnia i muzeum.<br><a href=\"https:\/\/osir.kety.pl\/cennik-plywalni\/\">https:\/\/osir.kety.pl\/cennik-plywalni\/<\/a><\/p>\n\n\n\n<p><a href=\"https:\/\/www.muzeum.kety.pl\/lekcje-muzealne\">https:\/\/www.muzeum.kety.pl\/lekcje-muzealne<\/a><\/p>\n\n\n\n<p>Oko\u0142o 30 minut autokarem od Por\u0105bki znajduje si\u0119&nbsp;<a href=\"https:\/\/parkminiatur.com\/\">https:\/\/parkminiatur.com\/<\/a>&nbsp;oraz&nbsp;<a href=\"https:\/\/www.agrokucyk.pl\/\">https:\/\/www.agrokucyk.pl\/<\/a><\/p>\n\n\n\n<p>ciekawe warsztaty prowadzone s\u0105 w muzeum w zamku \u017cywieckim i w Bielsku-Bia\u0142ej (ok 40 min)<\/p>\n\n\n\n<p><a href=\"https:\/\/muzeum-zywiec.pl\/oferta-edukacyjna\">https:\/\/muzeum-zywiec.pl\/oferta-edukacyjna<\/a><\/p>\n\n\n\n<p><a href=\"https:\/\/muzeum.bielsko.pl\/pl\/edukacja\">https:\/\/muzeum.bielsko.pl\/pl\/edukacja<\/a><\/p>\n\n\n\n<p>poza tym w Bielsku-Bia\u0142ej mo\u017cna zrobi\u0107 sobie fotografi\u0119 przy pos\u0105gach Reksia, Bolka i Lolka czy Pampliniego \ud83d\ude42<\/p>\n\n\n\n<p>dla bardziej aktywnych w mie\u015bcie znale\u017a\u0107 mo\u017cna kr\u0119gielnie, gokarty, trampolin i park linowy.<br>Niedaleko znajduje si\u0119 te\u017c Szyndzielnia, na kt\u00f3rej szczyt mo\u017cna wyjecha\u0107 kolejk\u0105 linow\u0105.<\/p>\n\n\n\n<p>Ciekaw\u0105 atrakcj\u0105 dla m\u0142odszych klas mo\u017ce by\u0107 r\u00f3wnie\u017c&nbsp;<a href=\"https:\/\/www.gov.pl\/web\/kmpsp-bielsko-biala\/sala-edukacyjna-ognik\">https:\/\/www.gov.pl\/web\/kmpsp-bielsko-biala\/sala-edukacyjna-ognik<\/a><\/p>\n\n\n\n<p>Ognik, park linowy W Dech\u0119, Jumpownia oraz mini gokarty s\u0105 w bardzo bliskiej odleg\u0142o\u015bci od siebie.<\/p>\n\n\n\n<p>Je\u015bli chodzi o dalsze wyprawy (ok 1,5h), to znajdziecie Pa\u0144stwo w internecie wiele ofert. Godne polecenia s\u0105:<\/p>\n\n\n\n<p><a href=\"http:\/\/koziazagroda.pl\/\">http:\/\/koziazagroda.pl\/<\/a><\/p>\n\n\n\n<p><a href=\"https:\/\/www.chlebowachata.pl\/\">https:\/\/www.chlebowachata.pl\/<\/a><\/p>\n\n\n\n<p><a href=\"https:\/\/lesnypark.pl\/\" title=\"\">https:\/\/lesnypark.pl\/<\/a><\/p>\n\n\n\n<p><a href=\"https:\/\/muzeum-zamek.pl\">https:\/\/muzeum-zamek.pl<\/a><\/p>\n\n\n\n<p><a href=\"https:\/\/www.auschwitz.org\/zwiedzanie\/\" title=\"\">https:\/\/www.auschwitz.org\/zwiedzanie\/<\/a><\/p>\n\n\n\n<p><\/p>\n\n\n\n<p>AUTOKARY: BOGDAN NYCZ Kobiernice 512-522-258<\/p>\n\n\n\n<p><\/p>\n\n\n\n<p>Do zorganizowania na miejscu:<\/p>\n\n\n\n<p><a href=\"https:\/\/www.firedp.pl\/nasze-projekty\/lego-fire\">https:\/\/www.firedp.pl\/nasze-projekty\/lego-fire<\/a><\/p>\n\n\n\n<p><a href=\"https:\/\/www.facebook.com\/figloparkusmieszki\">https:\/\/www.facebook.com\/figloparkusmieszki<\/a><\/p>\n\n\n\n<p><a href=\"https:\/\/pokazujemyhistorie.pl\/\">https:\/\/pokazujemyhistorie.pl\/<\/a><\/p>\n\n\n\n<p><\/p>\n\n\n\n<p>Propozycje tras spacerowych:<\/p>\n\n\n\n<div data-wp-interactive=\"core\/file\" class=\"wp-block-file\"><object data-wp-bind--hidden=\"!state.hasPdfPreview\" hidden class=\"wp-block-file__embed\" data=\"https:\/\/www.dwdporabka.pl\/wp-content\/uploads\/2024\/04\/trasy-DWD.pdf\" type=\"application\/pdf\" style=\"width:100%;height:600px\" aria-label=\"Osadzone z trasy-DWD.\"><\/object><a id=\"wp-block-file--media-6ec076d5-44d6-4518-accc-4c7f73dba574\" href=\"https:\/\/www.dwdporabka.pl\/wp-content\/uploads\/2024\/04\/trasy-DWD.pdf\">trasy-DWD<\/a><a href=\"https:\/\/www.dwdporabka.pl\/wp-content\/uploads\/2024\/04\/trasy-DWD.pdf\" class=\"wp-block-file__button wp-element-button\" download aria-describedby=\"wp-block-file--media-6ec076d5-44d6-4518-accc-4c7f73dba574\">Pobierz<\/a><\/div>\n","protected":false},"excerpt":{"rendered":"<p>Muzeum w Bielsku-Bia\u0142ej Chlebowa Chata Studio Film\u00f3w Rysunkowych Le\u015bny Park Niespodzianek W okolicy jest wiele tras spacerowych. Mo\u017cna swobodnie porusza\u0107 si\u0119 miejscowymi \u015bcie\u017ckami g\u00f3rskimi lub skorzysta\u0107 z gotowych propozycji (np. zapora w Por\u0105bce czy Wzg\u00f3rze Wo\u0142ek).&nbsp; Mo\u017cna r\u00f3wnie\u017c zaplanowa\u0107 ca\u0142odzienn\u0105 wycieczk\u0119 piesz\u0105 na g\u00f3r\u0119 \u017bar lub podjecha\u0107 autobusem i skorzysta\u0107 z&nbsp;https:\/\/www.pkl.pl\/gora-zar\/gora-zar.html Spacerkiem wzd\u0142u\u017c wa\u0142u na [&hellip;]<\/p>\n","protected":false},"author":1,"featured_media":0,"parent":0,"menu_order":0,"comment_status":"closed","ping_status":"closed","template":"","meta":{"ngg_post_thumbnail":0,"footnotes":""},"class_list":["post-134","page","type-page","status-publish","hentry"],"aioseo_notices":[],"_links":{"self":[{"href":"https:\/\/www.dwdporabka.pl\/index.php\/wp-json\/wp\/v2\/pages\/134","targetHints":{"allow":["GET"]}}],"collection":[{"href":"https:\/\/www.dwdporabka.pl\/index.php\/wp-json\/wp\/v2\/pages"}],"about":[{"href":"https:\/\/www.dwdporabka.pl\/index.php\/wp-json\/wp\/v2\/types\/page"}],"author":[{"embeddable":true,"href":"https:\/\/www.dwdporabka.pl\/index.php\/wp-json\/wp\/v2\/users\/1"}],"replies":[{"embeddable":true,"href":"https:\/\/www.dwdporabka.pl\/index.php\/wp-json\/wp\/v2\/comments?post=134"}],"version-history":[{"count":13,"href":"https:\/\/www.dwdporabka.pl\/index.php\/wp-json\/wp\/v2\/pages\/134\/revisions"}],"predecessor-version":[{"id":539,"href":"https:\/\/www.dwdporabka.pl\/index.php\/wp-json\/wp\/v2\/pages\/134\/revisions\/539"}],"wp:attachment":[{"href":"https:\/\/www.dwdporabka.pl\/index.php\/wp-json\/wp\/v2\/media?parent=134"}],"curies":[{"name":"wp","href":"https:\/\/api.w.org\/{rel}","templated":true}]}}