{"id":137,"date":"2020-04-23T05:33:59","date_gmt":"2020-04-23T05:33:59","guid":{"rendered":"http:\/\/www.dwdporabka.pl\/?page_id=137"},"modified":"2023-03-27T11:48:48","modified_gmt":"2023-03-27T11:48:48","slug":"kuferek-rozmaitosci","status":"publish","type":"page","link":"https:\/\/www.dwdporabka.pl\/index.php\/kuferek-rozmaitosci\/","title":{"rendered":"Kuferek Rozmaito\u015bci"},"content":{"rendered":"\n<p><strong>KUFEREK ROZMAITO\u015aCI<\/strong><\/p>\n\n\n\n<ul class=\"wp-block-list\">\n<li><strong>WARSZTATY-<\/strong><\/li>\n<\/ul>\n\n\n\n<p>Organizujemy dzieciom warsztaty plastyczne i zapewniamy, \u017ce sprawi\u0105 uczestnikom mn\u00f3stwo przyjemno\u015bci i satysfakcji wynikaj\u0105cej z samego procesu tworzenia, odkrywania nowych zdolno\u015bci jak i w\u0142asnor\u0119cznie wykonanego dzie\u0142a.<\/p>\n\n\n\n<p><strong>Uczestnicy wykonuj\u0105 prace samodzielnie w wybranej technice.<\/strong><\/p>\n\n\n\n<p>Cena warsztat\u00f3w jest uzale\u017cniona od rodzaju techniki plastycznej a obejmuje ona koszt materia\u0142\u00f3w niezb\u0119dnych do wykonania pracy. <\/p>\n\n\n\n<p><strong>Wykonane prace uczestnicy warsztat\u00f3w zabieraj\u0105 ze sob\u0105 do domu jako pami\u0105tk\u0119 z \u201ezielonej szko\u0142y\u201d<\/strong><\/p>\n\n\n\n<p><\/p>\n","protected":false},"excerpt":{"rendered":"<p>KUFEREK ROZMAITO\u015aCI Organizujemy dzieciom warsztaty plastyczne i zapewniamy, \u017ce sprawi\u0105 uczestnikom mn\u00f3stwo przyjemno\u015bci i satysfakcji wynikaj\u0105cej z samego procesu tworzenia, odkrywania nowych zdolno\u015bci jak i w\u0142asnor\u0119cznie wykonanego dzie\u0142a. Uczestnicy wykonuj\u0105 prace samodzielnie w wybranej technice. Cena warsztat\u00f3w jest uzale\u017cniona od rodzaju techniki plastycznej a obejmuje ona koszt materia\u0142\u00f3w niezb\u0119dnych do wykonania pracy. Wykonane prace uczestnicy [&hellip;]<\/p>\n","protected":false},"author":1,"featured_media":0,"parent":0,"menu_order":0,"comment_status":"closed","ping_status":"closed","template":"","meta":{"ngg_post_thumbnail":0,"footnotes":""},"class_list":["post-137","page","type-page","status-publish","hentry"],"aioseo_notices":[],"_links":{"self":[{"href":"https:\/\/www.dwdporabka.pl\/index.php\/wp-json\/wp\/v2\/pages\/137","targetHints":{"allow":["GET"]}}],"collection":[{"href":"https:\/\/www.dwdporabka.pl\/index.php\/wp-json\/wp\/v2\/pages"}],"about":[{"href":"https:\/\/www.dwdporabka.pl\/index.php\/wp-json\/wp\/v2\/types\/page"}],"author":[{"embeddable":true,"href":"https:\/\/www.dwdporabka.pl\/index.php\/wp-json\/wp\/v2\/users\/1"}],"replies":[{"embeddable":true,"href":"https:\/\/www.dwdporabka.pl\/index.php\/wp-json\/wp\/v2\/comments?post=137"}],"version-history":[{"count":2,"href":"https:\/\/www.dwdporabka.pl\/index.php\/wp-json\/wp\/v2\/pages\/137\/revisions"}],"predecessor-version":[{"id":374,"href":"https:\/\/www.dwdporabka.pl\/index.php\/wp-json\/wp\/v2\/pages\/137\/revisions\/374"}],"wp:attachment":[{"href":"https:\/\/www.dwdporabka.pl\/index.php\/wp-json\/wp\/v2\/media?parent=137"}],"curies":[{"name":"wp","href":"https:\/\/api.w.org\/{rel}","templated":true}]}}