{"id":2,"date":"2020-04-21T11:57:37","date_gmt":"2020-04-21T11:57:37","guid":{"rendered":"http:\/\/www.dwdporabka.pl\/?page_id=2"},"modified":"2026-02-12T09:18:55","modified_gmt":"2026-02-12T09:18:55","slug":"sample-page","status":"publish","type":"page","link":"https:\/\/www.dwdporabka.pl\/","title":{"rendered":"Powiatowy Zesp\u00f3\u0142 Plac\u00f3wek O\u015bwiatowych DWD w Por\u0105bce"},"content":{"rendered":"\n<figure class=\"wp-block-image size-large is-resized\"><a href=\"https:\/\/www.dwdporabka.pl\/index.php\/ssm\/\"><img loading=\"lazy\" decoding=\"async\" width=\"1024\" height=\"771\" src=\"https:\/\/www.dwdporabka.pl\/wp-content\/uploads\/2024\/04\/WhatsApp-Image-2024-04-05-at-10.13.20-1024x771.jpeg\" alt=\"Szkolne Schronisko M\u0142odzie\u017cowe\" class=\"wp-image-446\" style=\"width:638px;height:auto\" srcset=\"https:\/\/www.dwdporabka.pl\/wp-content\/uploads\/2024\/04\/WhatsApp-Image-2024-04-05-at-10.13.20-1024x771.jpeg 1024w, https:\/\/www.dwdporabka.pl\/wp-content\/uploads\/2024\/04\/WhatsApp-Image-2024-04-05-at-10.13.20-300x226.jpeg 300w, https:\/\/www.dwdporabka.pl\/wp-content\/uploads\/2024\/04\/WhatsApp-Image-2024-04-05-at-10.13.20-768x578.jpeg 768w, https:\/\/www.dwdporabka.pl\/wp-content\/uploads\/2024\/04\/WhatsApp-Image-2024-04-05-at-10.13.20.jpeg 1250w\" sizes=\"auto, (max-width: 1024px) 100vw, 1024px\" \/><\/a><figcaption class=\"wp-element-caption\">Szkolne Schronisko M\u0142odzie\u017cowe<\/figcaption><\/figure>\n\n\n\n<figure class=\"wp-block-image size-large is-resized\"><a href=\"https:\/\/www.dwdporabka.pl\/index.php\/centrum-edukacji-dwd-w-porabce\/\"><img loading=\"lazy\" decoding=\"async\" width=\"1080\" height=\"810\" src=\"https:\/\/www.dwdporabka.pl\/wp-content\/uploads\/2025\/03\/WhatsApp-Image-2025-03-18-at-08.22.10-edited-1.jpeg\" alt=\"\" class=\"wp-image-679\" style=\"width:638px;height:auto\" srcset=\"https:\/\/www.dwdporabka.pl\/wp-content\/uploads\/2025\/03\/WhatsApp-Image-2025-03-18-at-08.22.10-edited-1.jpeg 1080w, https:\/\/www.dwdporabka.pl\/wp-content\/uploads\/2025\/03\/WhatsApp-Image-2025-03-18-at-08.22.10-edited-1-300x225.jpeg 300w, https:\/\/www.dwdporabka.pl\/wp-content\/uploads\/2025\/03\/WhatsApp-Image-2025-03-18-at-08.22.10-edited-1-1024x768.jpeg 1024w, https:\/\/www.dwdporabka.pl\/wp-content\/uploads\/2025\/03\/WhatsApp-Image-2025-03-18-at-08.22.10-edited-1-768x576.jpeg 768w\" sizes=\"auto, (max-width: 1080px) 100vw, 1080px\" \/><\/a><\/figure>\n\n\n\n<p>Centrum Edukacji<\/p>\n\n\n\n<figure class=\"wp-block-image size-full is-resized\"><a href=\"https:\/\/www.dwdporabka.pl\/index.php\/dwd\/\"><img loading=\"lazy\" decoding=\"async\" width=\"709\" height=\"534\" src=\"https:\/\/www.dwdporabka.pl\/wp-content\/uploads\/2024\/04\/WhatsApp-Image-2024-04-05-at-10.00.09.jpeg\" alt=\"Dom Wczas\u00f3w Dzieci\u0119cych\" class=\"wp-image-447\" style=\"width:639px;height:auto\" srcset=\"https:\/\/www.dwdporabka.pl\/wp-content\/uploads\/2024\/04\/WhatsApp-Image-2024-04-05-at-10.00.09.jpeg 709w, https:\/\/www.dwdporabka.pl\/wp-content\/uploads\/2024\/04\/WhatsApp-Image-2024-04-05-at-10.00.09-300x226.jpeg 300w\" sizes=\"auto, (max-width: 709px) 100vw, 709px\" \/><\/a><figcaption class=\"wp-element-caption\">Dom Wczas\u00f3w Dzieci\u0119cych<\/figcaption><\/figure>\n\n\n\n<figure class=\"wp-block-image size-large is-resized\"><a href=\"https:\/\/hondrasik.pl\/\" target=\"_blank\" rel=\" noreferrer noopener\"><img loading=\"lazy\" decoding=\"async\" width=\"1024\" height=\"768\" src=\"https:\/\/www.dwdporabka.pl\/wp-content\/uploads\/2025\/03\/415963662_418342393849579_771895908624099298_n-1024x768.jpg\" alt=\"\" class=\"wp-image-712\" style=\"width:641px;height:auto\" srcset=\"https:\/\/www.dwdporabka.pl\/wp-content\/uploads\/2025\/03\/415963662_418342393849579_771895908624099298_n-1024x768.jpg 1024w, https:\/\/www.dwdporabka.pl\/wp-content\/uploads\/2025\/03\/415963662_418342393849579_771895908624099298_n-300x225.jpg 300w, https:\/\/www.dwdporabka.pl\/wp-content\/uploads\/2025\/03\/415963662_418342393849579_771895908624099298_n-768x576.jpg 768w, https:\/\/www.dwdporabka.pl\/wp-content\/uploads\/2025\/03\/415963662_418342393849579_771895908624099298_n-1536x1152.jpg 1536w, https:\/\/www.dwdporabka.pl\/wp-content\/uploads\/2025\/03\/415963662_418342393849579_771895908624099298_n.jpg 2048w\" sizes=\"auto, (max-width: 1024px) 100vw, 1024px\" \/><\/a><\/figure>\n\n\n\n<p>Szkolne Schronisko M\u0142odzie\u017cowe Hondrasik w Szczyrku<\/p>\n","protected":false},"excerpt":{"rendered":"<p>Centrum Edukacji Szkolne Schronisko M\u0142odzie\u017cowe Hondrasik w Szczyrku<\/p>\n","protected":false},"author":1,"featured_media":0,"parent":0,"menu_order":0,"comment_status":"closed","ping_status":"open","template":"","meta":{"ngg_post_thumbnail":0,"footnotes":""},"class_list":["post-2","page","type-page","status-publish","hentry"],"aioseo_notices":[],"_links":{"self":[{"href":"https:\/\/www.dwdporabka.pl\/index.php\/wp-json\/wp\/v2\/pages\/2","targetHints":{"allow":["GET"]}}],"collection":[{"href":"https:\/\/www.dwdporabka.pl\/index.php\/wp-json\/wp\/v2\/pages"}],"about":[{"href":"https:\/\/www.dwdporabka.pl\/index.php\/wp-json\/wp\/v2\/types\/page"}],"author":[{"embeddable":true,"href":"https:\/\/www.dwdporabka.pl\/index.php\/wp-json\/wp\/v2\/users\/1"}],"replies":[{"embeddable":true,"href":"https:\/\/www.dwdporabka.pl\/index.php\/wp-json\/wp\/v2\/comments?post=2"}],"version-history":[{"count":29,"href":"https:\/\/www.dwdporabka.pl\/index.php\/wp-json\/wp\/v2\/pages\/2\/revisions"}],"predecessor-version":[{"id":806,"href":"https:\/\/www.dwdporabka.pl\/index.php\/wp-json\/wp\/v2\/pages\/2\/revisions\/806"}],"wp:attachment":[{"href":"https:\/\/www.dwdporabka.pl\/index.php\/wp-json\/wp\/v2\/media?parent=2"}],"curies":[{"name":"wp","href":"https:\/\/api.w.org\/{rel}","templated":true}]}}