{"id":369,"date":"2023-03-27T11:41:28","date_gmt":"2023-03-27T11:41:28","guid":{"rendered":"http:\/\/www.dwdporabka.pl\/?page_id=369"},"modified":"2026-02-12T11:57:48","modified_gmt":"2026-02-12T11:57:48","slug":"cennik","status":"publish","type":"page","link":"https:\/\/www.dwdporabka.pl\/index.php\/cennik\/","title":{"rendered":"Terminy i koszty"},"content":{"rendered":"\n<figure class=\"wp-block-table\"><table><tbody><tr><td><strong>Szkolne Schronisko M\u0142odzie\u017cowe<\/strong><\/td><td>Pobyt<\/td><td>Pobyt z wy\u017cywieniem<\/td><td>Pobyt <br>+ wy\u017cywienie <br>+ zaj\u0119cia dodatkowe<\/td><\/tr><tr><td>Dzieci w wieku szkolnym, <br>opiekunowie grup, studenci, nauczyciele<\/td><td>50<\/td><td>110<\/td><td>150 <\/td><\/tr><tr><td>Pozosta\u0142e osoby<\/td><td>65<\/td><td>125<\/td><td><\/td><\/tr><tr><td>Pokoje o powi\u0119kszonym standardzie<\/td><td>80<\/td><td>140<\/td><td><\/td><\/tr><tr><td><strong>Dom Wczas\u00f3w Dzieci\u0119cych<\/strong><\/td><td><\/td><td>Pobyt z wy\u017cywieniem<\/td><td><\/td><\/tr><tr><td>Wychowankowie<\/td><td><\/td><td>&#8212;<\/td><td><\/td><\/tr><tr><td><strong>PPS &#8211; Centrum Edukacji <\/strong><\/td><td><\/td><td><\/td><td><\/td><\/tr><tr><td>Zaj\u0119cia edukacyjne 5h + pocz\u0119stunek<\/td><td>100<\/td><td><\/td><td><\/td><\/tr><tr><td>Zaj\u0119cia edukacyjne 8h + obiad<\/td><td>150<\/td><td><\/td><td><\/td><\/tr><\/tbody><\/table><\/figure>\n\n\n\n<p>W kalendarzu zamieszczono zarezerwowane terminy wraz ze wst\u0119pn\u0105 ilo\u015bci\u0105 zaj\u0119tych miejsc.<\/p>\n\n\n\n<iframe loading=\"lazy\" src=\"https:\/\/calendar.google.com\/calendar\/embed?height=600&#038;wkst=2&#038;ctz=Europe%2FWarsaw&#038;showPrint=0&#038;showTz=0&#038;showTitle=0&#038;showTabs=0&#038;src=ZHdkLnBvcmFia2FAZ21haWwuY29t&#038;color=%23EF6C00\" style=\"border-width:0\" width=\"800\" height=\"600\" frameborder=\"0\" scrolling=\"no\"><\/iframe>\n\n\n\n<p>Plac\u00f3wka podzielona jest na 4 skrzyd\u0142a w ka\u017cdym po 3 pokoje dla dzieci + pok\u00f3j dla nauczycieli.<\/p>\n\n\n\n<p><strong>1 pi\u0119tro:<\/strong><\/p>\n\n\n\n<p>1 skrzyd\u0142o: 2 pokoje 14 osobowe + 1 pok\u00f3j 15 osobowy<\/p>\n\n\n\n<p>2 skrzyd\u0142o: 2 pokoje 14 osobowe + 1 pok\u00f3j 15 osobowy<\/p>\n\n\n\n<p><strong>2 pi\u0119tro:<\/strong><\/p>\n\n\n\n<p>3 skrzyd\u0142o: 2 pokoje 14 osobowe + 1 pok\u00f3j 15 osobowy<\/p>\n\n\n\n<p>4 skrzyd\u0142o: 2 pokoje 8 osobowe + 1 pok\u00f3j 9 osobowy<\/p>\n\n\n\n<p><\/p>\n\n\n\n<p>nr konta: 49 1020 2313 0000 3702 1124 5331<\/p>\n","protected":false},"excerpt":{"rendered":"<p>Szkolne Schronisko M\u0142odzie\u017cowe Pobyt Pobyt z wy\u017cywieniem Pobyt + wy\u017cywienie + zaj\u0119cia dodatkowe Dzieci w wieku szkolnym, opiekunowie grup, studenci, nauczyciele 50 110 150 Pozosta\u0142e osoby 65 125 Pokoje o powi\u0119kszonym standardzie 80 140 Dom Wczas\u00f3w Dzieci\u0119cych Pobyt z wy\u017cywieniem Wychowankowie &#8212; PPS &#8211; Centrum Edukacji Zaj\u0119cia edukacyjne 5h + pocz\u0119stunek 100 Zaj\u0119cia edukacyjne 8h [&hellip;]<\/p>\n","protected":false},"author":1,"featured_media":0,"parent":0,"menu_order":0,"comment_status":"closed","ping_status":"closed","template":"","meta":{"ngg_post_thumbnail":0,"footnotes":""},"class_list":["post-369","page","type-page","status-publish","hentry"],"aioseo_notices":[],"_links":{"self":[{"href":"https:\/\/www.dwdporabka.pl\/index.php\/wp-json\/wp\/v2\/pages\/369","targetHints":{"allow":["GET"]}}],"collection":[{"href":"https:\/\/www.dwdporabka.pl\/index.php\/wp-json\/wp\/v2\/pages"}],"about":[{"href":"https:\/\/www.dwdporabka.pl\/index.php\/wp-json\/wp\/v2\/types\/page"}],"author":[{"embeddable":true,"href":"https:\/\/www.dwdporabka.pl\/index.php\/wp-json\/wp\/v2\/users\/1"}],"replies":[{"embeddable":true,"href":"https:\/\/www.dwdporabka.pl\/index.php\/wp-json\/wp\/v2\/comments?post=369"}],"version-history":[{"count":18,"href":"https:\/\/www.dwdporabka.pl\/index.php\/wp-json\/wp\/v2\/pages\/369\/revisions"}],"predecessor-version":[{"id":875,"href":"https:\/\/www.dwdporabka.pl\/index.php\/wp-json\/wp\/v2\/pages\/369\/revisions\/875"}],"wp:attachment":[{"href":"https:\/\/www.dwdporabka.pl\/index.php\/wp-json\/wp\/v2\/media?parent=369"}],"curies":[{"name":"wp","href":"https:\/\/api.w.org\/{rel}","templated":true}]}}