{"id":382,"date":"2023-03-27T12:06:18","date_gmt":"2023-03-27T12:06:18","guid":{"rendered":"http:\/\/www.dwdporabka.pl\/?page_id=382"},"modified":"2025-09-23T08:40:59","modified_gmt":"2025-09-23T08:40:59","slug":"ssm","status":"publish","type":"page","link":"https:\/\/www.dwdporabka.pl\/index.php\/ssm\/","title":{"rendered":"Szkolne Schronisko M\u0142odzie\u017cowe"},"content":{"rendered":"\n<p>Planujesz zielon\u0105 szko\u0142\u0119, koloni\u0119, wycieczk\u0119 lub warsztaty weekendowe?<\/p>\n\n\n\n<p>Skontaktuj si\u0119 z nami! Z ch\u0119ci\u0105 pomo\u017cemy Ci w tym przedsi\u0119wzi\u0119ciu \ud83d\ude42<\/p>\n\n\n\n<p><strong>Zapewniamy\u2026<\/strong><\/p>\n\n\n\n<ul class=\"wp-block-list\">\n<li>warunki do realizacji zaj\u0119\u0107 lekcyjnych,<\/li>\n\n\n\n<li>wsparcie w realizacji programu zaj\u0119\u0107 pozalekcyjnych,<\/li>\n\n\n\n<li>wsparcie opieki nocnej,<\/li>\n\n\n\n<li>codziennie 4 posi\u0142ki,<\/li>\n\n\n\n<li><a href=\"https:\/\/www.dwdporabka.pl\/index.php\/cennik\/\" title=\"\">przyst\u0119pne ceny<\/a>.<\/li>\n<\/ul>\n\n\n\n<p><strong>Plac\u00f3wka posiada\u2026<\/strong><\/p>\n\n\n\n<ul class=\"wp-block-list\">\n<li><strong>Ogrodzony teren rekreacyjny o powierzchni 1 ha w standardzie ogrodu jordanowskiego<\/strong>:<\/li>\n\n\n\n<li>boisko z nawierzchni\u0105 poliuretanow\u0105,<\/li>\n\n\n\n<li>kontener sanitarny (3 ubikacje, 2 kabiny prysznicowe),<\/li>\n\n\n\n<li>miejsce na grilla<\/li>\n\n\n\n<li>plac zabaw,<\/li>\n\n\n\n<li>pracownie plenerowe.<\/li>\n<\/ul>\n\n\n\n<ul class=\"wp-block-list\">\n<li><strong>Budynek<\/strong>:<\/li>\n\n\n\n<li>180 miejsc w pokojach 14 osobowych , po\u0142o\u017conych na dw\u00f3ch kondygnacjach,<\/li>\n\n\n\n<li>\u0142azienki na ka\u017cdym pi\u0119trze po 9 stanowisk do mycia, 6 kabinami prysznicowymi, 6&nbsp;oczkami WC,<\/li>\n\n\n\n<li>osobne pomieszczenie z 12 kabinami natryskowymi,<\/li>\n\n\n\n<li>jadalni\u0119 na 120 miejsc,<\/li>\n\n\n\n<li>w\u0142asn\u0105 kuchni\u0119 promuj\u0105c\u0105 polskie dania,<\/li>\n\n\n\n<li>\u015bwietlic\u0119 ze sprz\u0119tem audio-video oraz o\u015bwietleniem dyskotekowym \/124 m2\/,<\/li>\n\n\n\n<li>4 pracownie \/ok. 50 m2 ka\u017cda\/,<\/li>\n\n\n\n<li>3 pomieszczenia szatni,<\/li>\n\n\n\n<li>2 sale konferencyjne.<\/li>\n<\/ul>\n\n\n\n<figure class=\"wp-block-image size-large\"><img loading=\"lazy\" decoding=\"async\" width=\"1024\" height=\"473\" src=\"https:\/\/www.dwdporabka.pl\/wp-content\/uploads\/2025\/09\/347242016_791803052305956_9133709266750107272_n-1-1024x473.jpg\" alt=\"\" class=\"wp-image-803\" srcset=\"https:\/\/www.dwdporabka.pl\/wp-content\/uploads\/2025\/09\/347242016_791803052305956_9133709266750107272_n-1-1024x473.jpg 1024w, https:\/\/www.dwdporabka.pl\/wp-content\/uploads\/2025\/09\/347242016_791803052305956_9133709266750107272_n-1-300x138.jpg 300w, https:\/\/www.dwdporabka.pl\/wp-content\/uploads\/2025\/09\/347242016_791803052305956_9133709266750107272_n-1-768x354.jpg 768w, https:\/\/www.dwdporabka.pl\/wp-content\/uploads\/2025\/09\/347242016_791803052305956_9133709266750107272_n-1-1536x709.jpg 1536w, https:\/\/www.dwdporabka.pl\/wp-content\/uploads\/2025\/09\/347242016_791803052305956_9133709266750107272_n-1.jpg 2048w\" sizes=\"auto, (max-width: 1024px) 100vw, 1024px\" \/><\/figure>\n\n\n\n<p>Od godz. <strong>22.00 do 6.00<\/strong> obowi\u0105zuje w schronisku <strong><u>cisza nocna<\/u><\/strong>.<\/p>\n\n\n\n<p>Palenie tytoniu, picie alkoholu i u\u017cywanie \u015brodk\u00f3w psychoaktywnych w schronisku <strong><u>jest zakazane.<\/u><\/strong><strong><u><\/u><\/strong><\/p>\n\n\n\n<p>U\u017cywanie grza\u0142ek, czajnik\u00f3w, toster\u00f3w, prostownic itp. w pomieszczeniach sypialnych <strong><u>jest zakazane.<\/u><\/strong><\/p>\n\n\n\n<p><strong><u>Posi\u0142ki spo\u017cywamy w jadalni<\/u><\/strong><strong> <\/strong>a nie w pomieszczeniach sypialnych.<\/p>\n\n\n\n<p>Po schronisku poruszamy si\u0119 w <strong><u>obuwiu zamiennym.<\/u><\/strong><\/p>\n\n\n\n<p>Go\u015bcie nocuj\u0105cy w&nbsp;schronisku &nbsp;musz\u0105 <strong><u>obowi\u0105zkowo<\/u> <\/strong>korzysta\u0107 z <strong><u>bielizny po\u015bcielowej<\/u><\/strong> (prze\u015bcierad\u0142o, pow\u0142oka, pow\u0142oczka).<\/p>\n\n\n\n<p>Korzystaj\u0105cy ze schroniska w dniu wyjazdu powinni <strong>najp\u00f3\u017aniej do godz. 9.00&nbsp;&nbsp; <\/strong>zdj\u0105\u0107 bielizn\u0119 po\u015bcielow\u0105 i umie\u015bci\u0107 j\u0105 w w\u00f3zku po\u015bcielowym w korytarzu oraz sprz\u0105tn\u0105\u0107 pomieszczenie sypialne.<\/p>\n\n\n\n<p><\/p>\n\n\n\n<p><\/p>\n\n\n\n<div data-wp-interactive=\"core\/file\" class=\"wp-block-file\"><object data-wp-bind--hidden=\"!state.hasPdfPreview\" hidden class=\"wp-block-file__embed\" data=\"https:\/\/www.dwdporabka.pl\/wp-content\/uploads\/2023\/10\/Regulamin-Szkolnego-Schroniska-Mlodziezowego-DWD-w-Porabce.pdf\" type=\"application\/pdf\" style=\"width:100%;height:600px\" aria-label=\"Osadzone z Regulamin-Szkolnego-Schroniska-Mlodziezowego-DWD-w-Porabce.\"><\/object><a id=\"wp-block-file--media-acc9aeaa-15de-4ef6-8801-6d45c11857cf\" href=\"https:\/\/www.dwdporabka.pl\/wp-content\/uploads\/2023\/10\/Regulamin-Szkolnego-Schroniska-Mlodziezowego-DWD-w-Porabce.pdf\">Regulamin-Szkolnego-Schroniska-Mlodziezowego-DWD-w-Porabce<\/a><a href=\"https:\/\/www.dwdporabka.pl\/wp-content\/uploads\/2023\/10\/Regulamin-Szkolnego-Schroniska-Mlodziezowego-DWD-w-Porabce.pdf\" class=\"wp-block-file__button wp-element-button\" download aria-describedby=\"wp-block-file--media-acc9aeaa-15de-4ef6-8801-6d45c11857cf\">Pobierz<\/a><\/div>\n\n\n\n<div class=\"wp-block-file\"><a id=\"wp-block-file--media-d3724a22-de1b-4a2d-99fe-3c0807c5c753\" href=\"https:\/\/www.dwdporabka.pl\/wp-content\/uploads\/2025\/04\/LISTAMELDUNKOWA.docx\">LISTAMELDUNKOWA<\/a><a href=\"https:\/\/www.dwdporabka.pl\/wp-content\/uploads\/2025\/04\/LISTAMELDUNKOWA.docx\" class=\"wp-block-file__button wp-element-button\" download aria-describedby=\"wp-block-file--media-d3724a22-de1b-4a2d-99fe-3c0807c5c753\">Pobierz<\/a><\/div>\n","protected":false},"excerpt":{"rendered":"<p>Planujesz zielon\u0105 szko\u0142\u0119, koloni\u0119, wycieczk\u0119 lub warsztaty weekendowe? Skontaktuj si\u0119 z nami! Z ch\u0119ci\u0105 pomo\u017cemy Ci w tym przedsi\u0119wzi\u0119ciu \ud83d\ude42 Zapewniamy\u2026 Plac\u00f3wka posiada\u2026 Od godz. 22.00 do 6.00 obowi\u0105zuje w schronisku cisza nocna. Palenie tytoniu, picie alkoholu i u\u017cywanie \u015brodk\u00f3w psychoaktywnych w schronisku jest zakazane. U\u017cywanie grza\u0142ek, czajnik\u00f3w, toster\u00f3w, prostownic itp. w pomieszczeniach sypialnych jest [&hellip;]<\/p>\n","protected":false},"author":1,"featured_media":0,"parent":0,"menu_order":0,"comment_status":"closed","ping_status":"closed","template":"","meta":{"ngg_post_thumbnail":0,"footnotes":""},"class_list":["post-382","page","type-page","status-publish","hentry"],"aioseo_notices":[],"_links":{"self":[{"href":"https:\/\/www.dwdporabka.pl\/index.php\/wp-json\/wp\/v2\/pages\/382","targetHints":{"allow":["GET"]}}],"collection":[{"href":"https:\/\/www.dwdporabka.pl\/index.php\/wp-json\/wp\/v2\/pages"}],"about":[{"href":"https:\/\/www.dwdporabka.pl\/index.php\/wp-json\/wp\/v2\/types\/page"}],"author":[{"embeddable":true,"href":"https:\/\/www.dwdporabka.pl\/index.php\/wp-json\/wp\/v2\/users\/1"}],"replies":[{"embeddable":true,"href":"https:\/\/www.dwdporabka.pl\/index.php\/wp-json\/wp\/v2\/comments?post=382"}],"version-history":[{"count":9,"href":"https:\/\/www.dwdporabka.pl\/index.php\/wp-json\/wp\/v2\/pages\/382\/revisions"}],"predecessor-version":[{"id":804,"href":"https:\/\/www.dwdporabka.pl\/index.php\/wp-json\/wp\/v2\/pages\/382\/revisions\/804"}],"wp:attachment":[{"href":"https:\/\/www.dwdporabka.pl\/index.php\/wp-json\/wp\/v2\/media?parent=382"}],"curies":[{"name":"wp","href":"https:\/\/api.w.org\/{rel}","templated":true}]}}