{"id":398,"date":"2023-04-13T08:32:33","date_gmt":"2023-04-13T08:32:33","guid":{"rendered":"http:\/\/www.dwdporabka.pl\/?page_id=398"},"modified":"2025-03-27T11:31:11","modified_gmt":"2025-03-27T11:31:11","slug":"deklaracja-dostepnosci","status":"publish","type":"page","link":"https:\/\/www.dwdporabka.pl\/index.php\/deklaracja-dostepnosci\/","title":{"rendered":"Deklaracja dost\u0119pno\u015bci"},"content":{"rendered":"\n<p>Powiatowy Zesp\u00f3\u0142 Plac\u00f3wek O\u015bwiatowych DWD w Por\u0105bce zobowi\u0105zuje si\u0119 zapewni\u0107 dost\u0119pno\u015b\u0107 swojej strony internetowej zgodnie z <strong>ustaw\u0105 z 4 kwietnia 2019 r. o dost\u0119pno\u015bci stron internetowych i aplikacji mobilnych podmiot\u00f3w publicznych.<\/strong> Niniejsze o\u015bwiadczenie w sprawie dost\u0119pno\u015bci ma zastosowanie do strony internetowej dwdporabka.pl.<\/p>\n\n\n\n<p><strong>Daty publikacji i aktualizacji<\/strong><\/p>\n\n\n\n<p>Niniejsz\u0105 stron\u0119 internetow\u0105 opublikowano dnia <strong>2020-04-22.<\/strong><\/p>\n\n\n\n<p>Ostatni\u0105 aktualizacj\u0119 wykonano dnia <strong>2025-03-27.<\/strong><\/p>\n\n\n\n<p><strong>Status pod wzgl\u0119dem zgodno\u015bci<\/strong><\/p>\n\n\n\n<p>Niniejsza strona internetowa jest <strong>cz\u0119\u015bciowo zgodna<\/strong> z ustaw\u0105 z 4 kwietnia 2019 r. o&nbsp;dost\u0119pno\u015bci stron internetowych i aplikacji mobilnych podmiot\u00f3w publicznych z&nbsp;powodu niezgodno\u015bci lub wy\u0142\u0105cze\u0144 wymienionych poni\u017cej:<\/p>\n\n\n\n<ul class=\"wp-block-list\">\n<li>filmy i transmisje nie posiadaj\u0105 napis\u00f3w lub t\u0142umacza j\u0119zyka migowego dla os\u00f3b nies\u0142ysz\u0105cych<\/li>\n\n\n\n<li>nie wszystkie zdj\u0119cia posiadaj\u0105 tekst alternatywny opisuj\u0105cy zawarto\u015b\u0107 danego zdj\u0119cia<\/li>\n\n\n\n<li>cz\u0119\u015b\u0107 plik\u00f3w nie jest dost\u0119pna cyfrowo.<\/li>\n<\/ul>\n\n\n\n<p><strong>Przygotowanie o\u015bwiadczenia w sprawie dost\u0119pno\u015bci<\/strong><\/p>\n\n\n\n<p>Niniejsze o\u015bwiadczenie sporz\u0105dzono dnia <strong>31.03.2023 r.<\/strong><\/p>\n\n\n\n<p>O\u015bwiadczenie oparto na samoocenie dokonanej przez organ sektora publicznego.<\/p>\n\n\n\n<p><strong>Informacje zwrotne i dane kontaktowe<\/strong><\/p>\n\n\n\n<p>Wnioski o udost\u0119pnienie informacji niedost\u0119pnej oraz \u017c\u0105danie zapewnienia dost\u0119pno\u015bci mo\u017cna sk\u0142ada\u0107 pod adresem e-mailowym <a href=\"mailto:dwd.porabka@interia.pl\">dwd.porabka@interia.pl<\/a> lub telefonicznie pod numerem (33) 816004. Osob\u0105 do kontaktu jest Pani Ma\u0142gorzata Wiero\u0144ska.<\/p>\n\n\n\n<p><strong>Informacje na temat procedury<\/strong><\/p>\n\n\n\n<p>Ka\u017cdy ma prawo do wyst\u0105pienia z \u017c\u0105daniem zapewnienia dost\u0119pno\u015bci cyfrowej strony internetowej, aplikacji mobilnej lub jakiego\u015b ich elementu. Mo\u017cna tak\u017ce za\u017c\u0105da\u0107 udost\u0119pnienia informacji za pomoc\u0105 alternatywnego sposobu dost\u0119pu, na przyk\u0142ad przez odczytanie niedost\u0119pnego cyfrowo dokumentu, opisanie zawarto\u015bci filmu bez audiodeskrypcji itp. \u017b\u0105danie powinno zawiera\u0107 dane osoby zg\u0142aszaj\u0105cej \u017c\u0105danie, wskazanie, o kt\u00f3r\u0105 stron\u0119 internetow\u0105 lub aplikacj\u0119 mobiln\u0105 chodzi oraz spos\u00f3b kontaktu. Je\u017celi osoba \u017c\u0105daj\u0105ca zg\u0142asza potrzeb\u0119 otrzymania informacji za pomoc\u0105 alternatywnego sposobu dost\u0119pu, powinna tak\u017ce okre\u015bli\u0107 dogodny dla niej spos\u00f3b przedstawienia tej informacji. Podmiot publiczny powinien zrealizowa\u0107 \u017c\u0105danie niezw\u0142ocznie, nie p\u00f3\u017aniej ni\u017c w ci\u0105gu 7 dni od dnia wyst\u0105pienia z \u017c\u0105daniem. Je\u017celi dotrzymanie tego terminu nie jest mo\u017cliwe, podmiot publiczny niezw\u0142ocznie informuje o tym wnosz\u0105cego \u017c\u0105danie, kiedy realizacja \u017c\u0105dania b\u0119dzie mo\u017cliwa, przy czym termin ten nie mo\u017ce by\u0107 d\u0142u\u017cszy ni\u017c 2 miesi\u0105ce od dnia wyst\u0105pienia z \u017c\u0105daniem. Je\u017celi zapewnienie dost\u0119pno\u015bci cyfrowej nie jest mo\u017cliwe, podmiot publiczny mo\u017ce zaproponowa\u0107 alternatywny spos\u00f3b dost\u0119pu do informacji. W&nbsp;przypadku, gdy podmiot publiczny odm\u00f3wi realizacji \u017c\u0105dania zapewnienia dost\u0119pno\u015bci lub alternatywnego sposobu dost\u0119pu do informacji, wnosz\u0105cy \u017c\u0105danie mo\u017ce z\u0142o\u017cy\u0107 skarg\u0119 w sprawie zapewniana dost\u0119pno\u015bci cyfrowej strony internetowej, aplikacji mobilnej lub elementu strony internetowej, lub aplikacji mobilnej. Po wyczerpaniu wskazanej wy\u017cej procedury mo\u017cna tak\u017ce z\u0142o\u017cy\u0107 wniosek do Rzecznika Praw Obywatelskich.<\/p>\n\n\n\n<p>Link do strony internetowej&nbsp;<a href=\"https:\/\/www.rpo.gov.pl\/\" target=\"_blank\" rel=\"noreferrer noopener\">Rzecznika Praw Obywatelskich<\/a>.<\/p>\n\n\n\n<p><strong>Spos\u00f3b dokonania oceny dost\u0119pno\u015bci cyfrowej<\/strong><\/p>\n\n\n\n<p>Strona internetowa zosta\u0142a sprawdzona na zgodno\u015b\u0107 ze standardem <strong>Web Content Accessibility Guidelines (WCAG)<\/strong> w wersji <strong>2.1<\/strong> na poziomie <strong>AA<\/strong> (zgodnie z&nbsp;wymaganiami ustawy z 4 kwietnia 2019 r. o dost\u0119pno\u015bci stron internetowych i&nbsp;aplikacji mobilnych podmiot\u00f3w publicznych).<\/p>\n\n\n\n<p>Ponadto zosta\u0142a przeprowadzona weryfikacja odtwarzania tre\u015bci i nawigacji po stronie, z u\u017cyciem czytnika ekranu <strong>NVDA.<\/strong><\/p>\n\n\n\n<p><strong>Pomoc w nawigacji<\/strong><\/p>\n\n\n\n<p>W przypadku wyst\u0105pienia jakichkolwiek problem\u00f3w z nawigacj\u0105 zalecamy kombinacj\u0119 klawiszy:<\/p>\n\n\n\n<ul class=\"wp-block-list\">\n<li>Ponowne za\u0142adowanie zawarto\u015bci strony<\/li>\n<\/ul>\n\n\n\n<p>Ctrl + F5<\/p>\n\n\n\n<p>Serwis jest dostosowany do obs\u0142ugi zar\u00f3wno myszk\u0105 jak i sam\u0105 klawiatur\u0105, za pomoc\u0105 klawiszy:<\/p>\n\n\n\n<ul class=\"wp-block-list\">\n<li>Przej\u015bcie do nast\u0119pnego elementu mo\u017cliwego do klikni\u0119cia<\/li>\n<\/ul>\n\n\n\n<p>Tab<\/p>\n\n\n\n<ul class=\"wp-block-list\">\n<li>Przej\u015bcie do poprzedniego elementu mo\u017cliwego do klikni\u0119cia<\/li>\n<\/ul>\n\n\n\n<p>Shift + Tab<\/p>\n\n\n\n<ul class=\"wp-block-list\">\n<li>Wykonanie domy\u015blnej akcji, zwykle wci\u015bni\u0119cie przycisku OK<\/li>\n<\/ul>\n\n\n\n<p>Enter<\/p>\n\n\n\n<ul class=\"wp-block-list\">\n<li>Przeiwjanie widocznej cz\u0119\u015bci strony<\/li>\n<\/ul>\n\n\n\n<p><strong>Wygl\u0105d<\/strong><\/p>\n\n\n\n<p>Serwis jest wyposa\u017cony w mechanizmy u\u0142atwiaj\u0105ce przegl\u0105danie tre\u015bci przez osoby niedowidz\u0105ce:<\/p>\n\n\n\n<ul class=\"wp-block-list\">\n<li>zmiana wielko\u015bci czcionki<\/li>\n\n\n\n<li>zmiana kontrastu<\/li>\n<\/ul>\n\n\n\n<p><strong>U\u0142atwienia dla os\u00f3b niewidomych<\/strong><\/p>\n\n\n\n<p>Serwis zawiera udogodnienia wprowadzone pod k\u0105tem czytnik\u00f3w ekran\u00f3w. Skr\u00f3cone menu pozwala na przeskok do poszczeg\u00f3lnych cz\u0119\u015bci ekranu, unikalne tytu\u0142y stron umo\u017cliwiaj\u0105 rozr\u00f3\u017cnienie ka\u017cdej strony, zdj\u0119cia i grafiki maj\u0105 alternatywne opisy, a linki tytu\u0142y opisuj\u0105ce dany odno\u015bnik bardziej szczeg\u00f3\u0142owo.<\/p>\n\n\n\n<p>Za pomoc\u0105 skr\u00f3conego menu mo\u017cna dosta\u0107 si\u0119 bezpo\u015brednio do:<\/p>\n\n\n\n<ul class=\"wp-block-list\">\n<li>tre\u015bci<\/li>\n\n\n\n<li>menu u\u0142atwie\u0144 dost\u0119pu<\/li>\n\n\n\n<li>menu g\u0142\u00f3wnego<\/li>\n\n\n\n<li>mapy strony<\/li>\n<\/ul>\n\n\n\n<p><strong>Dost\u0119pno\u015b\u0107 na urz\u0105dzeniach mobilnych<\/strong><\/p>\n\n\n\n<p>Serwis zosta\u0142 zbudowany w oparciu o metod\u0119 \u201eResponsive Web Design\u201d, w skr\u00f3cie RWD. Metoda ta sprawia, \u017ce serwis automatycznie dostosowuje wy\u015bwietlanie do rozdzielczo\u015bci oraz wielko\u015bci ekranu. Nie wymaga powi\u0119kszania, ani przewijania w&nbsp;kierunku poziomym.<br>W urz\u0105dzeniach takich jak tablety, smartfony, telefony kom\u00f3rkowe serwis jest znacznie bardziej czytelny i przyjazny w obs\u0142udze.<\/p>\n\n\n\n<p><strong>Dane teleadresowe siedziby Urz\u0119du<\/strong><\/p>\n\n\n\n<p><strong>Powiatowy Zesp\u00f3\u0142 Plac\u00f3wek O\u015bwiatowych DWD w Por\u0105bce<\/strong><\/p>\n\n\n\n<p>43-353 Por\u0105bka<\/p>\n\n\n\n<p>ul. Wielka Puszcza 91<\/p>\n\n\n\n<p>wojew\u00f3dztwo \u015bl\u0105skie<\/p>\n\n\n\n<p>centrala telefoniczna (33) 8106004<\/p>\n\n\n\n<p>e-mail: dwd.porabka@interia.pl<\/p>\n\n\n\n<p><strong>Dost\u0119pno\u015b\u0107 architektoniczna plac\u00f3wki<\/strong><\/p>\n\n\n\n<ul class=\"wp-block-list\">\n<li>Plac\u00f3wka nie jest przystosowana do przyjmowania os\u00f3b niepe\u0142nosprawnych ruchowo (brak podjazd\u00f3w, 4 kondygnacje, du\u017ca ilo\u015b\u0107 schod\u00f3w, brak windy).<\/li>\n\n\n\n<li>Wyr\u00f3\u017cniono pocz\u0105tek i koniec bieg\u00f3w schodowych.<\/li>\n\n\n\n<li>Do budynku mo\u017cna wchodzi\u0107 z psem asekuruj\u0105cym.<\/li>\n\n\n\n<li>Dwie \u0142azienki dostosowane s\u0105 do potrzeb os\u00f3b z niepe\u0142nosprawno\u015bci\u0105 ruchow\u0105.<\/li>\n<\/ul>\n\n\n\n<p><strong>Dane kontaktowe<\/strong><\/p>\n\n\n\n<p>Adres strony internetowej: dwdporabka.pl<\/p>\n\n\n\n<p>W przypadku problem\u00f3w z dost\u0119pno\u015bci\u0105 strony internetowej prosimy o kontakt. Osob\u0105 do kontaktu jest Ma\u0142gorzata Wiero\u0144ska.<\/p>\n\n\n\n<p>Adres poczty elektronicznej osoby do kontaktu dwd.porabka@interia.pl.<\/p>\n\n\n\n<p>Nr telefonu osoby do kontaktu (33) 8106004.<\/p>\n\n\n\n<div data-wp-interactive=\"core\/file\" class=\"wp-block-file\"><object data-wp-bind--hidden=\"!state.hasPdfPreview\" hidden class=\"wp-block-file__embed\" data=\"https:\/\/www.dwdporabka.pl\/wp-content\/uploads\/2025\/03\/raport_o_stanie_zapewniania_dostepnosci.pdf\" type=\"application\/pdf\" style=\"width:100%;height:600px\" aria-label=\"Osadzone z raport_o_stanie_zapewniania_dostepnosci.\"><\/object><a id=\"wp-block-file--media-7673c58a-45e0-4d74-95a5-7c3f31d41171\" href=\"https:\/\/www.dwdporabka.pl\/wp-content\/uploads\/2025\/03\/raport_o_stanie_zapewniania_dostepnosci.pdf\">raport_o_stanie_zapewniania_dostepnosci<\/a><a href=\"https:\/\/www.dwdporabka.pl\/wp-content\/uploads\/2025\/03\/raport_o_stanie_zapewniania_dostepnosci.pdf\" class=\"wp-block-file__button wp-element-button\" download aria-describedby=\"wp-block-file--media-7673c58a-45e0-4d74-95a5-7c3f31d41171\">Pobierz<\/a><\/div>\n","protected":false},"excerpt":{"rendered":"<p>Powiatowy Zesp\u00f3\u0142 Plac\u00f3wek O\u015bwiatowych DWD w Por\u0105bce zobowi\u0105zuje si\u0119 zapewni\u0107 dost\u0119pno\u015b\u0107 swojej strony internetowej zgodnie z ustaw\u0105 z 4 kwietnia 2019 r. o dost\u0119pno\u015bci stron internetowych i aplikacji mobilnych podmiot\u00f3w publicznych. Niniejsze o\u015bwiadczenie w sprawie dost\u0119pno\u015bci ma zastosowanie do strony internetowej dwdporabka.pl. Daty publikacji i aktualizacji Niniejsz\u0105 stron\u0119 internetow\u0105 opublikowano dnia 2020-04-22. Ostatni\u0105 aktualizacj\u0119 wykonano [&hellip;]<\/p>\n","protected":false},"author":1,"featured_media":0,"parent":0,"menu_order":0,"comment_status":"closed","ping_status":"closed","template":"","meta":{"ngg_post_thumbnail":0,"footnotes":""},"class_list":["post-398","page","type-page","status-publish","hentry"],"aioseo_notices":[],"_links":{"self":[{"href":"https:\/\/www.dwdporabka.pl\/index.php\/wp-json\/wp\/v2\/pages\/398","targetHints":{"allow":["GET"]}}],"collection":[{"href":"https:\/\/www.dwdporabka.pl\/index.php\/wp-json\/wp\/v2\/pages"}],"about":[{"href":"https:\/\/www.dwdporabka.pl\/index.php\/wp-json\/wp\/v2\/types\/page"}],"author":[{"embeddable":true,"href":"https:\/\/www.dwdporabka.pl\/index.php\/wp-json\/wp\/v2\/users\/1"}],"replies":[{"embeddable":true,"href":"https:\/\/www.dwdporabka.pl\/index.php\/wp-json\/wp\/v2\/comments?post=398"}],"version-history":[{"count":2,"href":"https:\/\/www.dwdporabka.pl\/index.php\/wp-json\/wp\/v2\/pages\/398\/revisions"}],"predecessor-version":[{"id":717,"href":"https:\/\/www.dwdporabka.pl\/index.php\/wp-json\/wp\/v2\/pages\/398\/revisions\/717"}],"wp:attachment":[{"href":"https:\/\/www.dwdporabka.pl\/index.php\/wp-json\/wp\/v2\/media?parent=398"}],"curies":[{"name":"wp","href":"https:\/\/api.w.org\/{rel}","templated":true}]}}