{"id":444,"date":"2024-04-05T08:44:48","date_gmt":"2024-04-05T08:44:48","guid":{"rendered":"http:\/\/www.dwdporabka.pl\/?page_id=444"},"modified":"2024-04-19T08:58:05","modified_gmt":"2024-04-19T08:58:05","slug":"dwd","status":"publish","type":"page","link":"https:\/\/www.dwdporabka.pl\/index.php\/dwd\/","title":{"rendered":"Dom Wczas\u00f3w Dzieci\u0119cych"},"content":{"rendered":"\n<p>Je\u015bli uwa\u017cacie, \u017ce epoka dom\u00f3w wczas\u00f3w dzieci\u0119cych ju\u017c min\u0119\u0142a, grubo si\u0119 mylicie. W\u0142a\u015bnie teraz gdy w Europie ro\u015bnie w spo\u0142ecze\u0144stwie odsetek dzieci ze specjalnymi potrzebami rozwojowymi DWDz stanowi\u0105 doskona\u0142e narz\u0119dzie, aby pom\u00f3c Twojemu dziecku.<br>Nie wyleczymy szkraba, ale poprzez ca\u0142odzienne zaj\u0119cia z elementami terapii, mo\u017cemy poprawi\u0107 jego stan psychofizyczny.<\/p>\n\n\n\n<p>Turnus skierowany jest do dzieci z klas 4-6 ze stwierdzon\u0105 niepe\u0142nosprawno\u015bci\u0105 ruchow\u0105, w&nbsp;tym afazj\u0105 motoryczn\u0105 i hipotoni\u0105 mi\u0119\u015bniow\u0105.<\/p>\n\n\n\n<p><br><br>1. W ramach turnusu oferujemy:<\/p>\n\n\n\n<p>&#8211; ca\u0142odobow\u0105 opiek\u0119 pedagogiczn\u0105,<\/p>\n\n\n\n<p>&#8211; pomoc w realizacji zada\u0144 dydaktycznych przes\u0142anych ze szko\u0142y macierzystej,<\/p>\n\n\n\n<p>&#8211; opiek\u0119 medyczn\u0105,<\/p>\n\n\n\n<p>&#8211; warunki bytowe sprzyjaj\u0105ce poprawie zdrowia i regeneracji si\u0142,<\/p>\n\n\n\n<p>&#8211; 5 posi\u0142k\u00f3w dziennie,<\/p>\n\n\n\n<p>&#8211; zaj\u0119cia w kontakcie z przyrod\u0105 w malowniczej Dolinie Wielkiej Puszczy,<\/p>\n\n\n\n<p>&#8211; warsztaty edukacyjne z elementami: Integracji Sensorycznej, socjoterapii, muzykoterapii, terapii r\u0119ki oraz treningu umiej\u0119tno\u015bci spo\u0142ecznych.<\/p>\n\n\n\n<p><br>2. Czas trwania turnusu 14 dni od 30 czerwca do 13 lipca 2024 roku.<br><br>3. Cena: 780 z\u0142<br>4. Informacje: <a href=\"mailto:dwd.porabka@interia.pl\" target=\"_blank\" rel=\"noreferrer noopener\">dwd.porabka@interia.pl<\/a> \u00a0\u00a0\u00a0\u00a0\u00a0\u00a0338\u00a0106\u00a0004 lub 663 787\u00a0863<\/p>\n\n\n\n<p><\/p>\n\n\n\n<p><\/p>\n\n\n\n<p>Organ prowadz\u0105cy: Rada Powiatu w Bielsku-Bia\u0142ej<\/p>\n\n\n\n<p>Nadz\u00f3r merytoryczny: Powiatowa Poradnia Psychologiczno \u2013 Pedagogiczna w Czechowicach-Dziedzicach<\/p>\n\n\n\n<p>Nadz\u00f3r pedagogiczny: Kuratorium O\u015bwiaty w Katowicach<\/p>\n","protected":false},"excerpt":{"rendered":"<p>Je\u015bli uwa\u017cacie, \u017ce epoka dom\u00f3w wczas\u00f3w dzieci\u0119cych ju\u017c min\u0119\u0142a, grubo si\u0119 mylicie. W\u0142a\u015bnie teraz gdy w Europie ro\u015bnie w spo\u0142ecze\u0144stwie odsetek dzieci ze specjalnymi potrzebami rozwojowymi DWDz stanowi\u0105 doskona\u0142e narz\u0119dzie, aby pom\u00f3c Twojemu dziecku.Nie wyleczymy szkraba, ale poprzez ca\u0142odzienne zaj\u0119cia z elementami terapii, mo\u017cemy poprawi\u0107 jego stan psychofizyczny. Turnus skierowany jest do dzieci z klas [&hellip;]<\/p>\n","protected":false},"author":1,"featured_media":0,"parent":0,"menu_order":0,"comment_status":"closed","ping_status":"closed","template":"","meta":{"ngg_post_thumbnail":0,"footnotes":""},"class_list":["post-444","page","type-page","status-publish","hentry"],"aioseo_notices":[],"_links":{"self":[{"href":"https:\/\/www.dwdporabka.pl\/index.php\/wp-json\/wp\/v2\/pages\/444","targetHints":{"allow":["GET"]}}],"collection":[{"href":"https:\/\/www.dwdporabka.pl\/index.php\/wp-json\/wp\/v2\/pages"}],"about":[{"href":"https:\/\/www.dwdporabka.pl\/index.php\/wp-json\/wp\/v2\/types\/page"}],"author":[{"embeddable":true,"href":"https:\/\/www.dwdporabka.pl\/index.php\/wp-json\/wp\/v2\/users\/1"}],"replies":[{"embeddable":true,"href":"https:\/\/www.dwdporabka.pl\/index.php\/wp-json\/wp\/v2\/comments?post=444"}],"version-history":[{"count":3,"href":"https:\/\/www.dwdporabka.pl\/index.php\/wp-json\/wp\/v2\/pages\/444\/revisions"}],"predecessor-version":[{"id":532,"href":"https:\/\/www.dwdporabka.pl\/index.php\/wp-json\/wp\/v2\/pages\/444\/revisions\/532"}],"wp:attachment":[{"href":"https:\/\/www.dwdporabka.pl\/index.php\/wp-json\/wp\/v2\/media?parent=444"}],"curies":[{"name":"wp","href":"https:\/\/api.w.org\/{rel}","templated":true}]}}