{"id":476,"date":"2024-04-05T09:39:39","date_gmt":"2024-04-05T09:39:39","guid":{"rendered":"http:\/\/www.dwdporabka.pl\/?page_id=476"},"modified":"2024-04-05T09:39:43","modified_gmt":"2024-04-05T09:39:43","slug":"pizza-pierniki","status":"publish","type":"page","link":"https:\/\/www.dwdporabka.pl\/index.php\/pizza-pierniki\/","title":{"rendered":"Pizza\/Pierniki"},"content":{"rendered":"\n<p>Je\u015bli nigdy nie mieli\u015bcie okazji przygotowywa\u0107 w\u0142asnor\u0119cznie pizzy &#8211; to mo\u017ce by\u0107 strza\u0142 w dziesi\u0105tk\u0119.<\/p>\n\n\n\n<p>Ka\u017cde dziecko indywidualnie przygotowuje swoj\u0105 indywidualnie skomponowan\u0105 pizz\u0119 pod nadzorem Szefa Kuchni.<\/p>\n\n\n\n<p>Warto zapozna\u0107 si\u0119 z pe\u0142n\u0105 ofert\u0105, by\u0107 mo\u017ce jeszcze Was co\u015b zainteresuje<a href=\"https:\/\/www.facebook.com\/figloparkusmieszki\/\" title=\"\"> https:\/\/www.facebook.com\/figloparkusmieszki\/<\/a><\/p>\n\n\n\n<figure class=\"wp-block-image size-large\"><img loading=\"lazy\" decoding=\"async\" width=\"726\" height=\"1024\" src=\"https:\/\/www.dwdporabka.pl\/wp-content\/uploads\/2024\/04\/image-726x1024.png\" alt=\"\" class=\"wp-image-477\" srcset=\"https:\/\/www.dwdporabka.pl\/wp-content\/uploads\/2024\/04\/image-726x1024.png 726w, https:\/\/www.dwdporabka.pl\/wp-content\/uploads\/2024\/04\/image-213x300.png 213w, https:\/\/www.dwdporabka.pl\/wp-content\/uploads\/2024\/04\/image-768x1083.png 768w, https:\/\/www.dwdporabka.pl\/wp-content\/uploads\/2024\/04\/image-1090x1536.png 1090w, https:\/\/www.dwdporabka.pl\/wp-content\/uploads\/2024\/04\/image.png 1186w\" sizes=\"auto, (max-width: 726px) 100vw, 726px\" \/><\/figure>\n","protected":false},"excerpt":{"rendered":"<p>Je\u015bli nigdy nie mieli\u015bcie okazji przygotowywa\u0107 w\u0142asnor\u0119cznie pizzy &#8211; to mo\u017ce by\u0107 strza\u0142 w dziesi\u0105tk\u0119. Ka\u017cde dziecko indywidualnie przygotowuje swoj\u0105 indywidualnie skomponowan\u0105 pizz\u0119 pod nadzorem Szefa Kuchni. Warto zapozna\u0107 si\u0119 z pe\u0142n\u0105 ofert\u0105, by\u0107 mo\u017ce jeszcze Was co\u015b zainteresuje https:\/\/www.facebook.com\/figloparkusmieszki\/<\/p>\n","protected":false},"author":1,"featured_media":0,"parent":0,"menu_order":0,"comment_status":"closed","ping_status":"closed","template":"","meta":{"ngg_post_thumbnail":0,"footnotes":""},"class_list":["post-476","page","type-page","status-publish","hentry"],"aioseo_notices":[],"_links":{"self":[{"href":"https:\/\/www.dwdporabka.pl\/index.php\/wp-json\/wp\/v2\/pages\/476","targetHints":{"allow":["GET"]}}],"collection":[{"href":"https:\/\/www.dwdporabka.pl\/index.php\/wp-json\/wp\/v2\/pages"}],"about":[{"href":"https:\/\/www.dwdporabka.pl\/index.php\/wp-json\/wp\/v2\/types\/page"}],"author":[{"embeddable":true,"href":"https:\/\/www.dwdporabka.pl\/index.php\/wp-json\/wp\/v2\/users\/1"}],"replies":[{"embeddable":true,"href":"https:\/\/www.dwdporabka.pl\/index.php\/wp-json\/wp\/v2\/comments?post=476"}],"version-history":[{"count":1,"href":"https:\/\/www.dwdporabka.pl\/index.php\/wp-json\/wp\/v2\/pages\/476\/revisions"}],"predecessor-version":[{"id":478,"href":"https:\/\/www.dwdporabka.pl\/index.php\/wp-json\/wp\/v2\/pages\/476\/revisions\/478"}],"wp:attachment":[{"href":"https:\/\/www.dwdporabka.pl\/index.php\/wp-json\/wp\/v2\/media?parent=476"}],"curies":[{"name":"wp","href":"https:\/\/api.w.org\/{rel}","templated":true}]}}