{"id":481,"date":"2024-04-05T10:23:37","date_gmt":"2024-04-05T10:23:37","guid":{"rendered":"http:\/\/www.dwdporabka.pl\/?page_id=481"},"modified":"2024-04-05T10:23:44","modified_gmt":"2024-04-05T10:23:44","slug":"lego","status":"publish","type":"page","link":"https:\/\/www.dwdporabka.pl\/index.php\/lego\/","title":{"rendered":"LEGO"},"content":{"rendered":"\n<p>Odkryj magi\u0119 zaj\u0119\u0107 profilaktyczno-wychowawczych z klockami Lego! Zaj\u0119cia zosta\u0142y zaprojektowane specjalnie dla uczni\u00f3w szk\u00f3\u0142, skupiaj\u0105c si\u0119 na kluczowych aspektach ich rozwoju. <\/p>\n\n\n\n<p><\/p>\n\n\n\n<p>Zapraszamy do odkrycia pe\u0142nego potencja\u0142u zaj\u0119\u0107 z Lego, jako uzupe\u0142nienia tradycyjnych metod edukacji! Wiemy, \u017ce poprzez zabaw\u0119 mo\u017cna przekaza\u0107 w warto\u015bci i umiej\u0119tno\u015bci, kt\u00f3re b\u0119d\u0105 s\u0142u\u017cy\u0142y uczestnikom przez ca\u0142e \u017cycie. Zapisz swoj\u0105 klas\u0119 ju\u017c dzi\u015b!<\/p>\n\n\n\n<p><a href=\"https:\/\/www.firedp.pl\/nasze-projekty\/lego-fire\">https:\/\/www.firedp.pl\/nasze-projekty\/lego-fire<\/a><\/p>\n\n\n\n<figure class=\"wp-block-image size-large\"><img loading=\"lazy\" decoding=\"async\" width=\"1024\" height=\"665\" src=\"https:\/\/www.dwdporabka.pl\/wp-content\/uploads\/2024\/04\/image-1-1024x665.png\" alt=\"\" class=\"wp-image-483\" srcset=\"https:\/\/www.dwdporabka.pl\/wp-content\/uploads\/2024\/04\/image-1-1024x665.png 1024w, https:\/\/www.dwdporabka.pl\/wp-content\/uploads\/2024\/04\/image-1-300x195.png 300w, https:\/\/www.dwdporabka.pl\/wp-content\/uploads\/2024\/04\/image-1-768x499.png 768w, https:\/\/www.dwdporabka.pl\/wp-content\/uploads\/2024\/04\/image-1.png 1280w\" sizes=\"auto, (max-width: 1024px) 100vw, 1024px\" \/><\/figure>\n","protected":false},"excerpt":{"rendered":"<p>Odkryj magi\u0119 zaj\u0119\u0107 profilaktyczno-wychowawczych z klockami Lego! Zaj\u0119cia zosta\u0142y zaprojektowane specjalnie dla uczni\u00f3w szk\u00f3\u0142, skupiaj\u0105c si\u0119 na kluczowych aspektach ich rozwoju. Zapraszamy do odkrycia pe\u0142nego potencja\u0142u zaj\u0119\u0107 z Lego, jako uzupe\u0142nienia tradycyjnych metod edukacji! Wiemy, \u017ce poprzez zabaw\u0119 mo\u017cna przekaza\u0107 w warto\u015bci i umiej\u0119tno\u015bci, kt\u00f3re b\u0119d\u0105 s\u0142u\u017cy\u0142y uczestnikom przez ca\u0142e \u017cycie. Zapisz swoj\u0105 klas\u0119 ju\u017c [&hellip;]<\/p>\n","protected":false},"author":1,"featured_media":0,"parent":0,"menu_order":0,"comment_status":"closed","ping_status":"closed","template":"","meta":{"ngg_post_thumbnail":0,"footnotes":""},"class_list":["post-481","page","type-page","status-publish","hentry"],"aioseo_notices":[],"_links":{"self":[{"href":"https:\/\/www.dwdporabka.pl\/index.php\/wp-json\/wp\/v2\/pages\/481","targetHints":{"allow":["GET"]}}],"collection":[{"href":"https:\/\/www.dwdporabka.pl\/index.php\/wp-json\/wp\/v2\/pages"}],"about":[{"href":"https:\/\/www.dwdporabka.pl\/index.php\/wp-json\/wp\/v2\/types\/page"}],"author":[{"embeddable":true,"href":"https:\/\/www.dwdporabka.pl\/index.php\/wp-json\/wp\/v2\/users\/1"}],"replies":[{"embeddable":true,"href":"https:\/\/www.dwdporabka.pl\/index.php\/wp-json\/wp\/v2\/comments?post=481"}],"version-history":[{"count":1,"href":"https:\/\/www.dwdporabka.pl\/index.php\/wp-json\/wp\/v2\/pages\/481\/revisions"}],"predecessor-version":[{"id":484,"href":"https:\/\/www.dwdporabka.pl\/index.php\/wp-json\/wp\/v2\/pages\/481\/revisions\/484"}],"wp:attachment":[{"href":"https:\/\/www.dwdporabka.pl\/index.php\/wp-json\/wp\/v2\/media?parent=481"}],"curies":[{"name":"wp","href":"https:\/\/api.w.org\/{rel}","templated":true}]}}