{"id":681,"date":"2025-03-18T07:34:04","date_gmt":"2025-03-18T07:34:04","guid":{"rendered":"https:\/\/www.dwdporabka.pl\/?page_id=681"},"modified":"2025-09-23T08:18:29","modified_gmt":"2025-09-23T08:18:29","slug":"centrum-edukacji-dwd-w-porabce","status":"publish","type":"page","link":"https:\/\/www.dwdporabka.pl\/index.php\/centrum-edukacji-dwd-w-porabce\/","title":{"rendered":"Centrum Edukacji"},"content":{"rendered":"\n<p>Centrum Edukacji DWD w Por\u0105bce to pozaszkolna plac\u00f3wka specjalistyczna prowadz\u0105ca szeroki zakres dzia\u0142a\u0144.<\/p>\n\n\n\n<p>Edukacja ekologiczna, zdrowotna, plastyczna, historyczna, bezpiecze\u0144stwa oraz wiele innych.<\/p>\n\n\n\n<p>Zaj\u0119cia realizowane s\u0105 zar\u00f3wno w formie event\u00f3w, jednodniowych wycieczek jak i dla go\u015bci naszego Schroniska.<\/p>\n\n\n\n<div class=\"wp-block-group has-small-font-size is-vertical is-layout-flex wp-container-core-group-is-layout-8cf370e7 wp-block-group-is-layout-flex\">\n<figure class=\"wp-block-gallery has-nested-images columns-default is-cropped wp-block-gallery-1 is-layout-flex wp-block-gallery-is-layout-flex\">\n<figure class=\"wp-block-image size-large\"><img loading=\"lazy\" decoding=\"async\" width=\"949\" height=\"1024\" data-id=\"682\" src=\"https:\/\/www.dwdporabka.pl\/wp-content\/uploads\/2025\/03\/5f4c4e88-1e9b-46d8-8151-c4dd818b0b45-949x1024.jpg\" alt=\"\" class=\"wp-image-682\" srcset=\"https:\/\/www.dwdporabka.pl\/wp-content\/uploads\/2025\/03\/5f4c4e88-1e9b-46d8-8151-c4dd818b0b45-949x1024.jpg 949w, https:\/\/www.dwdporabka.pl\/wp-content\/uploads\/2025\/03\/5f4c4e88-1e9b-46d8-8151-c4dd818b0b45-278x300.jpg 278w, https:\/\/www.dwdporabka.pl\/wp-content\/uploads\/2025\/03\/5f4c4e88-1e9b-46d8-8151-c4dd818b0b45-768x829.jpg 768w, https:\/\/www.dwdporabka.pl\/wp-content\/uploads\/2025\/03\/5f4c4e88-1e9b-46d8-8151-c4dd818b0b45-1423x1536.jpg 1423w, https:\/\/www.dwdporabka.pl\/wp-content\/uploads\/2025\/03\/5f4c4e88-1e9b-46d8-8151-c4dd818b0b45.jpg 1897w\" sizes=\"auto, (max-width: 949px) 100vw, 949px\" \/><\/figure>\n\n\n\n<figure class=\"wp-block-image size-large\"><img loading=\"lazy\" decoding=\"async\" width=\"768\" height=\"1024\" data-id=\"683\" src=\"https:\/\/www.dwdporabka.pl\/wp-content\/uploads\/2025\/03\/WhatsApp-Image-2025-02-12-at-12.56.36-768x1024.jpeg\" alt=\"\" class=\"wp-image-683\" srcset=\"https:\/\/www.dwdporabka.pl\/wp-content\/uploads\/2025\/03\/WhatsApp-Image-2025-02-12-at-12.56.36-768x1024.jpeg 768w, https:\/\/www.dwdporabka.pl\/wp-content\/uploads\/2025\/03\/WhatsApp-Image-2025-02-12-at-12.56.36-225x300.jpeg 225w, https:\/\/www.dwdporabka.pl\/wp-content\/uploads\/2025\/03\/WhatsApp-Image-2025-02-12-at-12.56.36-1152x1536.jpeg 1152w, https:\/\/www.dwdporabka.pl\/wp-content\/uploads\/2025\/03\/WhatsApp-Image-2025-02-12-at-12.56.36.jpeg 1500w\" sizes=\"auto, (max-width: 768px) 100vw, 768px\" \/><\/figure>\n\n\n\n<figure class=\"wp-block-image size-large\"><img loading=\"lazy\" decoding=\"async\" width=\"1024\" height=\"768\" data-id=\"685\" src=\"https:\/\/www.dwdporabka.pl\/wp-content\/uploads\/2025\/03\/WhatsApp-Image-2025-02-12-at-12.54.16-1024x768.jpeg\" alt=\"\" class=\"wp-image-685\" srcset=\"https:\/\/www.dwdporabka.pl\/wp-content\/uploads\/2025\/03\/WhatsApp-Image-2025-02-12-at-12.54.16-1024x768.jpeg 1024w, https:\/\/www.dwdporabka.pl\/wp-content\/uploads\/2025\/03\/WhatsApp-Image-2025-02-12-at-12.54.16-300x225.jpeg 300w, https:\/\/www.dwdporabka.pl\/wp-content\/uploads\/2025\/03\/WhatsApp-Image-2025-02-12-at-12.54.16-768x576.jpeg 768w, https:\/\/www.dwdporabka.pl\/wp-content\/uploads\/2025\/03\/WhatsApp-Image-2025-02-12-at-12.54.16-1536x1152.jpeg 1536w, https:\/\/www.dwdporabka.pl\/wp-content\/uploads\/2025\/03\/WhatsApp-Image-2025-02-12-at-12.54.16.jpeg 1600w\" sizes=\"auto, (max-width: 1024px) 100vw, 1024px\" \/><\/figure>\n\n\n\n<figure class=\"wp-block-image size-large\"><img loading=\"lazy\" decoding=\"async\" width=\"768\" height=\"1024\" data-id=\"686\" src=\"https:\/\/www.dwdporabka.pl\/wp-content\/uploads\/2025\/03\/WhatsApp-Image-2025-01-22-at-18.04.47-768x1024.jpeg\" alt=\"\" class=\"wp-image-686\" srcset=\"https:\/\/www.dwdporabka.pl\/wp-content\/uploads\/2025\/03\/WhatsApp-Image-2025-01-22-at-18.04.47-768x1024.jpeg 768w, https:\/\/www.dwdporabka.pl\/wp-content\/uploads\/2025\/03\/WhatsApp-Image-2025-01-22-at-18.04.47-225x300.jpeg 225w, https:\/\/www.dwdporabka.pl\/wp-content\/uploads\/2025\/03\/WhatsApp-Image-2025-01-22-at-18.04.47-1152x1536.jpeg 1152w, https:\/\/www.dwdporabka.pl\/wp-content\/uploads\/2025\/03\/WhatsApp-Image-2025-01-22-at-18.04.47.jpeg 1200w\" sizes=\"auto, (max-width: 768px) 100vw, 768px\" \/><\/figure>\n\n\n\n<figure class=\"wp-block-image size-large\"><img loading=\"lazy\" decoding=\"async\" width=\"768\" height=\"1024\" data-id=\"684\" src=\"https:\/\/www.dwdporabka.pl\/wp-content\/uploads\/2025\/03\/WhatsApp-Image-2025-01-21-at-14.11.36-768x1024.jpeg\" alt=\"\" class=\"wp-image-684\" srcset=\"https:\/\/www.dwdporabka.pl\/wp-content\/uploads\/2025\/03\/WhatsApp-Image-2025-01-21-at-14.11.36-768x1024.jpeg 768w, https:\/\/www.dwdporabka.pl\/wp-content\/uploads\/2025\/03\/WhatsApp-Image-2025-01-21-at-14.11.36-225x300.jpeg 225w, https:\/\/www.dwdporabka.pl\/wp-content\/uploads\/2025\/03\/WhatsApp-Image-2025-01-21-at-14.11.36-1152x1536.jpeg 1152w, https:\/\/www.dwdporabka.pl\/wp-content\/uploads\/2025\/03\/WhatsApp-Image-2025-01-21-at-14.11.36.jpeg 1200w\" sizes=\"auto, (max-width: 768px) 100vw, 768px\" \/><\/figure>\n\n\n\n<figure class=\"wp-block-image size-large\"><img loading=\"lazy\" decoding=\"async\" width=\"1024\" height=\"1024\" data-id=\"689\" src=\"https:\/\/www.dwdporabka.pl\/wp-content\/uploads\/2025\/03\/WhatsApp-Image-2024-04-05-at-11.20.36-3-1024x1024.jpeg\" alt=\"\" class=\"wp-image-689\" srcset=\"https:\/\/www.dwdporabka.pl\/wp-content\/uploads\/2025\/03\/WhatsApp-Image-2024-04-05-at-11.20.36-3-1024x1024.jpeg 1024w, https:\/\/www.dwdporabka.pl\/wp-content\/uploads\/2025\/03\/WhatsApp-Image-2024-04-05-at-11.20.36-3-300x300.jpeg 300w, https:\/\/www.dwdporabka.pl\/wp-content\/uploads\/2025\/03\/WhatsApp-Image-2024-04-05-at-11.20.36-3-150x150.jpeg 150w, https:\/\/www.dwdporabka.pl\/wp-content\/uploads\/2025\/03\/WhatsApp-Image-2024-04-05-at-11.20.36-3-768x768.jpeg 768w, https:\/\/www.dwdporabka.pl\/wp-content\/uploads\/2025\/03\/WhatsApp-Image-2024-04-05-at-11.20.36-3.jpeg 1080w\" sizes=\"auto, (max-width: 1024px) 100vw, 1024px\" \/><\/figure>\n\n\n\n<figure class=\"wp-block-image size-large\"><img loading=\"lazy\" decoding=\"async\" width=\"768\" height=\"1024\" data-id=\"687\" src=\"https:\/\/www.dwdporabka.pl\/wp-content\/uploads\/2025\/03\/WhatsApp-Image-2024-04-05-at-11.20.36-4-768x1024.jpeg\" alt=\"\" class=\"wp-image-687\" srcset=\"https:\/\/www.dwdporabka.pl\/wp-content\/uploads\/2025\/03\/WhatsApp-Image-2024-04-05-at-11.20.36-4-768x1024.jpeg 768w, https:\/\/www.dwdporabka.pl\/wp-content\/uploads\/2025\/03\/WhatsApp-Image-2024-04-05-at-11.20.36-4-225x300.jpeg 225w, https:\/\/www.dwdporabka.pl\/wp-content\/uploads\/2025\/03\/WhatsApp-Image-2024-04-05-at-11.20.36-4-1152x1536.jpeg 1152w, https:\/\/www.dwdporabka.pl\/wp-content\/uploads\/2025\/03\/WhatsApp-Image-2024-04-05-at-11.20.36-4.jpeg 1536w\" sizes=\"auto, (max-width: 768px) 100vw, 768px\" \/><\/figure>\n\n\n\n<figure class=\"wp-block-image size-large\"><img loading=\"lazy\" decoding=\"async\" width=\"1024\" height=\"768\" data-id=\"691\" src=\"https:\/\/www.dwdporabka.pl\/wp-content\/uploads\/2025\/03\/Lego-ferie-Porabka-1024x768.jpg\" alt=\"\" class=\"wp-image-691\" srcset=\"https:\/\/www.dwdporabka.pl\/wp-content\/uploads\/2025\/03\/Lego-ferie-Porabka-1024x768.jpg 1024w, https:\/\/www.dwdporabka.pl\/wp-content\/uploads\/2025\/03\/Lego-ferie-Porabka-300x225.jpg 300w, https:\/\/www.dwdporabka.pl\/wp-content\/uploads\/2025\/03\/Lego-ferie-Porabka-768x576.jpg 768w, https:\/\/www.dwdporabka.pl\/wp-content\/uploads\/2025\/03\/Lego-ferie-Porabka-1536x1152.jpg 1536w, https:\/\/www.dwdporabka.pl\/wp-content\/uploads\/2025\/03\/Lego-ferie-Porabka.jpg 2048w\" sizes=\"auto, (max-width: 1024px) 100vw, 1024px\" \/><\/figure>\n\n\n\n<figure class=\"wp-block-image size-large\"><img loading=\"lazy\" decoding=\"async\" width=\"960\" height=\"720\" data-id=\"690\" src=\"https:\/\/www.dwdporabka.pl\/wp-content\/uploads\/2025\/03\/YF3.jpg\" alt=\"\" class=\"wp-image-690\" srcset=\"https:\/\/www.dwdporabka.pl\/wp-content\/uploads\/2025\/03\/YF3.jpg 960w, https:\/\/www.dwdporabka.pl\/wp-content\/uploads\/2025\/03\/YF3-300x225.jpg 300w, https:\/\/www.dwdporabka.pl\/wp-content\/uploads\/2025\/03\/YF3-768x576.jpg 768w\" sizes=\"auto, (max-width: 960px) 100vw, 960px\" \/><\/figure>\n\n\n\n<figure class=\"wp-block-image size-large\"><img loading=\"lazy\" decoding=\"async\" width=\"768\" height=\"1024\" data-id=\"693\" src=\"https:\/\/www.dwdporabka.pl\/wp-content\/uploads\/2025\/03\/zajecia-linowe-768x1024.jpg\" alt=\"\" class=\"wp-image-693\" srcset=\"https:\/\/www.dwdporabka.pl\/wp-content\/uploads\/2025\/03\/zajecia-linowe-768x1024.jpg 768w, https:\/\/www.dwdporabka.pl\/wp-content\/uploads\/2025\/03\/zajecia-linowe-225x300.jpg 225w, https:\/\/www.dwdporabka.pl\/wp-content\/uploads\/2025\/03\/zajecia-linowe-1152x1536.jpg 1152w, https:\/\/www.dwdporabka.pl\/wp-content\/uploads\/2025\/03\/zajecia-linowe.jpg 1536w\" sizes=\"auto, (max-width: 768px) 100vw, 768px\" \/><\/figure>\n\n\n\n<figure class=\"wp-block-image size-large\"><img loading=\"lazy\" decoding=\"async\" width=\"576\" height=\"1024\" data-id=\"692\" src=\"https:\/\/www.dwdporabka.pl\/wp-content\/uploads\/2025\/03\/archeo-576x1024.jpg\" alt=\"\" class=\"wp-image-692\" srcset=\"https:\/\/www.dwdporabka.pl\/wp-content\/uploads\/2025\/03\/archeo-576x1024.jpg 576w, https:\/\/www.dwdporabka.pl\/wp-content\/uploads\/2025\/03\/archeo-169x300.jpg 169w, https:\/\/www.dwdporabka.pl\/wp-content\/uploads\/2025\/03\/archeo-768x1365.jpg 768w, https:\/\/www.dwdporabka.pl\/wp-content\/uploads\/2025\/03\/archeo-864x1536.jpg 864w, https:\/\/www.dwdporabka.pl\/wp-content\/uploads\/2025\/03\/archeo.jpg 900w\" sizes=\"auto, (max-width: 576px) 100vw, 576px\" \/><\/figure>\n\n\n\n<figure class=\"wp-block-image size-large\"><img loading=\"lazy\" decoding=\"async\" width=\"1024\" height=\"768\" data-id=\"688\" src=\"https:\/\/www.dwdporabka.pl\/wp-content\/uploads\/2025\/03\/WhatsApp-Image-2024-08-02-at-10.57.29-1024x768.jpeg\" alt=\"\" class=\"wp-image-688\" srcset=\"https:\/\/www.dwdporabka.pl\/wp-content\/uploads\/2025\/03\/WhatsApp-Image-2024-08-02-at-10.57.29-1024x768.jpeg 1024w, https:\/\/www.dwdporabka.pl\/wp-content\/uploads\/2025\/03\/WhatsApp-Image-2024-08-02-at-10.57.29-300x225.jpeg 300w, https:\/\/www.dwdporabka.pl\/wp-content\/uploads\/2025\/03\/WhatsApp-Image-2024-08-02-at-10.57.29-768x576.jpeg 768w, https:\/\/www.dwdporabka.pl\/wp-content\/uploads\/2025\/03\/WhatsApp-Image-2024-08-02-at-10.57.29-1536x1152.jpeg 1536w, https:\/\/www.dwdporabka.pl\/wp-content\/uploads\/2025\/03\/WhatsApp-Image-2024-08-02-at-10.57.29.jpeg 1600w\" sizes=\"auto, (max-width: 1024px) 100vw, 1024px\" \/><\/figure>\n<\/figure>\n<\/div>\n","protected":false},"excerpt":{"rendered":"<p>Centrum Edukacji DWD w Por\u0105bce to pozaszkolna plac\u00f3wka specjalistyczna prowadz\u0105ca szeroki zakres dzia\u0142a\u0144. Edukacja ekologiczna, zdrowotna, plastyczna, historyczna, bezpiecze\u0144stwa oraz wiele innych. Zaj\u0119cia realizowane s\u0105 zar\u00f3wno w formie event\u00f3w, jednodniowych wycieczek jak i dla go\u015bci naszego Schroniska.<\/p>\n","protected":false},"author":1,"featured_media":0,"parent":0,"menu_order":0,"comment_status":"closed","ping_status":"closed","template":"","meta":{"ngg_post_thumbnail":0,"footnotes":""},"class_list":["post-681","page","type-page","status-publish","hentry"],"aioseo_notices":[],"_links":{"self":[{"href":"https:\/\/www.dwdporabka.pl\/index.php\/wp-json\/wp\/v2\/pages\/681","targetHints":{"allow":["GET"]}}],"collection":[{"href":"https:\/\/www.dwdporabka.pl\/index.php\/wp-json\/wp\/v2\/pages"}],"about":[{"href":"https:\/\/www.dwdporabka.pl\/index.php\/wp-json\/wp\/v2\/types\/page"}],"author":[{"embeddable":true,"href":"https:\/\/www.dwdporabka.pl\/index.php\/wp-json\/wp\/v2\/users\/1"}],"replies":[{"embeddable":true,"href":"https:\/\/www.dwdporabka.pl\/index.php\/wp-json\/wp\/v2\/comments?post=681"}],"version-history":[{"count":6,"href":"https:\/\/www.dwdporabka.pl\/index.php\/wp-json\/wp\/v2\/pages\/681\/revisions"}],"predecessor-version":[{"id":787,"href":"https:\/\/www.dwdporabka.pl\/index.php\/wp-json\/wp\/v2\/pages\/681\/revisions\/787"}],"wp:attachment":[{"href":"https:\/\/www.dwdporabka.pl\/index.php\/wp-json\/wp\/v2\/media?parent=681"}],"curies":[{"name":"wp","href":"https:\/\/api.w.org\/{rel}","templated":true}]}}