{"id":695,"date":"2025-03-18T07:44:06","date_gmt":"2025-03-18T07:44:06","guid":{"rendered":"https:\/\/www.dwdporabka.pl\/?page_id=695"},"modified":"2025-03-18T07:54:47","modified_gmt":"2025-03-18T07:54:47","slug":"swiat-robotow","status":"publish","type":"page","link":"https:\/\/www.dwdporabka.pl\/index.php\/swiat-robotow\/","title":{"rendered":"\u015awiat robot\u00f3w"},"content":{"rendered":"\n<p>Zabawy z programowaniem&#8230; i nie tylko \ud83d\ude42<\/p>\n\n\n\n<p>Roboty lego, drony, VR i wiele innych.<\/p>\n\n\n\n<p>Nauka przez kontakt z nowoczesn\u0105 technologi\u0105. Do\u015bwiadczeni instruktorzy poprzez zabaw\u0119 przedstawiaj\u0105 dzieciakom nowinki technologiczne.<\/p>\n\n\n\n<p>Kontakt: 506 946 969<\/p>\n\n\n\n<figure class=\"wp-block-embed is-type-video is-provider-youtube wp-block-embed-youtube wp-embed-aspect-16-9 wp-has-aspect-ratio\"><div class=\"wp-block-embed__wrapper\">\n<iframe loading=\"lazy\" title=\"Cozmo\" width=\"500\" height=\"281\" src=\"https:\/\/www.youtube.com\/embed\/Dm5a5f-3IKU?feature=oembed\" frameborder=\"0\" allow=\"accelerometer; autoplay; clipboard-write; encrypted-media; gyroscope; picture-in-picture; web-share\" referrerpolicy=\"strict-origin-when-cross-origin\" allowfullscreen><\/iframe>\n<\/div><\/figure>\n\n\n\n<figure class=\"wp-block-embed is-type-video is-provider-youtube wp-block-embed-youtube wp-embed-aspect-16-9 wp-has-aspect-ratio\"><div class=\"wp-block-embed__wrapper\">\n<iframe loading=\"lazy\" title=\"Strzelnica nerf\" width=\"500\" height=\"281\" src=\"https:\/\/www.youtube.com\/embed\/xOYmWRwbGr0?feature=oembed\" frameborder=\"0\" allow=\"accelerometer; autoplay; clipboard-write; encrypted-media; gyroscope; picture-in-picture; web-share\" referrerpolicy=\"strict-origin-when-cross-origin\" allowfullscreen><\/iframe>\n<\/div><\/figure>\n\n\n\n<figure class=\"wp-block-embed is-type-video is-provider-youtube wp-block-embed-youtube wp-embed-aspect-16-9 wp-has-aspect-ratio\"><div class=\"wp-block-embed__wrapper\">\n<iframe loading=\"lazy\" title=\"EV3 pokaz - kolonie\" width=\"500\" height=\"281\" src=\"https:\/\/www.youtube.com\/embed\/7na-vKsKco4?feature=oembed\" frameborder=\"0\" allow=\"accelerometer; autoplay; clipboard-write; encrypted-media; gyroscope; picture-in-picture; web-share\" referrerpolicy=\"strict-origin-when-cross-origin\" allowfullscreen><\/iframe>\n<\/div><\/figure>\n","protected":false},"excerpt":{"rendered":"<p>Zabawy z programowaniem&#8230; i nie tylko \ud83d\ude42 Roboty lego, drony, VR i wiele innych. Nauka przez kontakt z nowoczesn\u0105 technologi\u0105. Do\u015bwiadczeni instruktorzy poprzez zabaw\u0119 przedstawiaj\u0105 dzieciakom nowinki technologiczne. Kontakt: 506 946 969<\/p>\n","protected":false},"author":1,"featured_media":0,"parent":0,"menu_order":0,"comment_status":"closed","ping_status":"closed","template":"","meta":{"ngg_post_thumbnail":0,"footnotes":""},"class_list":["post-695","page","type-page","status-publish","hentry"],"aioseo_notices":[],"_links":{"self":[{"href":"https:\/\/www.dwdporabka.pl\/index.php\/wp-json\/wp\/v2\/pages\/695","targetHints":{"allow":["GET"]}}],"collection":[{"href":"https:\/\/www.dwdporabka.pl\/index.php\/wp-json\/wp\/v2\/pages"}],"about":[{"href":"https:\/\/www.dwdporabka.pl\/index.php\/wp-json\/wp\/v2\/types\/page"}],"author":[{"embeddable":true,"href":"https:\/\/www.dwdporabka.pl\/index.php\/wp-json\/wp\/v2\/users\/1"}],"replies":[{"embeddable":true,"href":"https:\/\/www.dwdporabka.pl\/index.php\/wp-json\/wp\/v2\/comments?post=695"}],"version-history":[{"count":3,"href":"https:\/\/www.dwdporabka.pl\/index.php\/wp-json\/wp\/v2\/pages\/695\/revisions"}],"predecessor-version":[{"id":701,"href":"https:\/\/www.dwdporabka.pl\/index.php\/wp-json\/wp\/v2\/pages\/695\/revisions\/701"}],"wp:attachment":[{"href":"https:\/\/www.dwdporabka.pl\/index.php\/wp-json\/wp\/v2\/media?parent=695"}],"curies":[{"name":"wp","href":"https:\/\/api.w.org\/{rel}","templated":true}]}}