{"id":788,"date":"2025-09-23T08:36:43","date_gmt":"2025-09-23T08:36:43","guid":{"rendered":"https:\/\/www.dwdporabka.pl\/?page_id=788"},"modified":"2025-09-23T09:21:19","modified_gmt":"2025-09-23T09:21:19","slug":"osrodek-szkolenia-mdp","status":"publish","type":"page","link":"https:\/\/www.dwdporabka.pl\/index.php\/osrodek-szkolenia-mdp\/","title":{"rendered":"O\u015brodek szkolenia MDP"},"content":{"rendered":"\n<figure class=\"wp-block-image size-large\"><img loading=\"lazy\" decoding=\"async\" width=\"724\" height=\"1024\" src=\"https:\/\/www.dwdporabka.pl\/wp-content\/uploads\/2025\/09\/weekend-ratowniczy-724x1024.jpg\" alt=\"\" class=\"wp-image-811\" srcset=\"https:\/\/www.dwdporabka.pl\/wp-content\/uploads\/2025\/09\/weekend-ratowniczy-724x1024.jpg 724w, https:\/\/www.dwdporabka.pl\/wp-content\/uploads\/2025\/09\/weekend-ratowniczy-212x300.jpg 212w, https:\/\/www.dwdporabka.pl\/wp-content\/uploads\/2025\/09\/weekend-ratowniczy-768x1086.jpg 768w, https:\/\/www.dwdporabka.pl\/wp-content\/uploads\/2025\/09\/weekend-ratowniczy-1086x1536.jpg 1086w, https:\/\/www.dwdporabka.pl\/wp-content\/uploads\/2025\/09\/weekend-ratowniczy.jpg 1414w\" sizes=\"auto, (max-width: 724px) 100vw, 724px\" \/><\/figure>\n\n\n\n<p>Od 2021 roku nasza plac\u00f3wka przoduje w dzia\u0142alno\u015bci na rzecz szkolenia Dzieci\u0119cych i M\u0142odzie\u017cowych Dru\u017cyn Po\u017carniczych. Przy wsp\u00f3\u0142pracy z Forum Instruktor\u00f3w Ratownictwo i Edukacja Dru\u017cyn Po\u017carniczych uruchomili\u015bmy kilka znacz\u0105cych projekt\u00f3w:<br>&#8211; <strong>CampFire<\/strong> &#8211; obozy pod namiotami dla dzieci w wieku 8-17 lat. Tematyka ratownicza, pierwsza pomoc oraz dzia\u0142ania przeciwpo\u017carowe.<br>&#8211; <strong>CampSpar<\/strong>k &#8211; kolonia przygotowuj\u0105ca dzieci w wieku 6-9 lat do dzia\u0142alno\u015bci w Dzieci\u0119cych Dru\u017cynach Po\u017carniczych. Stanowi poniek\u0105d wprowadzenie do CampFire.<br>&#8211; <strong>Szkolenia opiekun\u00f3w MDP<\/strong> &#8211; dla os\u00f3b powy\u017cej 16 roku \u017cycia. Przygotowanie do prowadzenia zbi\u00f3rek i warsztat\u00f3w dla DDP i MDP. 20 godzin w formie weekendowych warsztat\u00f3w.<br>&#8211; <strong>Kursy wychowawc\u00f3w wypoczynku<\/strong> &#8211; skierowane dla os\u00f3b powy\u017cej 18 roku \u017cycia. 36 godzin w dwa weekendy. Zaj\u0119cia odbywaj\u0105 si\u0119 w bezpo\u015brednim kontakcie z instruktorem.<br>&#8211; <strong>Weekend Ratowniczy<\/strong> &#8211; dla zainteresowanych dru\u017cyn. 3 dniowe warsztaty z pierwszej pomocy, ochrony przeciw po\u017carowej lub innych technik ratowniczych. Zale\u017cnie od potrzeb.<br>&#8211; <strong>Young Fire<\/strong> &#8211; zaj\u0119cia sta\u0142e z szerokiego zakresu edukacji dla bezpiecze\u0144stwa stanowi\u0105ce poszerzenie wiedzy zdobytej w czasie szkolenia MDP.<br><\/p>\n\n\n\n<figure class=\"wp-block-image size-large\"><img loading=\"lazy\" decoding=\"async\" width=\"768\" height=\"1024\" src=\"https:\/\/www.dwdporabka.pl\/wp-content\/uploads\/2025\/09\/296673743_184676540596631_3094503244730142288_n-768x1024.jpg\" alt=\"\" class=\"wp-image-789\" srcset=\"https:\/\/www.dwdporabka.pl\/wp-content\/uploads\/2025\/09\/296673743_184676540596631_3094503244730142288_n-768x1023.jpg 768w, https:\/\/www.dwdporabka.pl\/wp-content\/uploads\/2025\/09\/296673743_184676540596631_3094503244730142288_n-225x300.jpg 225w, https:\/\/www.dwdporabka.pl\/wp-content\/uploads\/2025\/09\/296673743_184676540596631_3094503244730142288_n-1153x1536.jpg 1153w, https:\/\/www.dwdporabka.pl\/wp-content\/uploads\/2025\/09\/296673743_184676540596631_3094503244730142288_n.jpg 1200w\" sizes=\"auto, (max-width: 768px) 100vw, 768px\" \/><\/figure>\n\n\n\n<figure class=\"wp-block-image size-large\"><img loading=\"lazy\" decoding=\"async\" width=\"1024\" height=\"768\" src=\"https:\/\/www.dwdporabka.pl\/wp-content\/uploads\/2025\/09\/WhatsApp-Image-2024-08-02-at-10.57.29-1024x768.jpeg\" alt=\"\" class=\"wp-image-790\" srcset=\"https:\/\/www.dwdporabka.pl\/wp-content\/uploads\/2025\/09\/WhatsApp-Image-2024-08-02-at-10.57.29-1024x768.jpeg 1024w, https:\/\/www.dwdporabka.pl\/wp-content\/uploads\/2025\/09\/WhatsApp-Image-2024-08-02-at-10.57.29-300x225.jpeg 300w, https:\/\/www.dwdporabka.pl\/wp-content\/uploads\/2025\/09\/WhatsApp-Image-2024-08-02-at-10.57.29-768x576.jpeg 768w, https:\/\/www.dwdporabka.pl\/wp-content\/uploads\/2025\/09\/WhatsApp-Image-2024-08-02-at-10.57.29-1536x1152.jpeg 1536w, https:\/\/www.dwdporabka.pl\/wp-content\/uploads\/2025\/09\/WhatsApp-Image-2024-08-02-at-10.57.29.jpeg 1600w\" sizes=\"auto, (max-width: 1024px) 100vw, 1024px\" \/><\/figure>\n\n\n\n<figure class=\"wp-block-image size-large\"><img loading=\"lazy\" decoding=\"async\" width=\"1024\" height=\"768\" src=\"https:\/\/www.dwdporabka.pl\/wp-content\/uploads\/2025\/09\/manewry-porabka-1024x768.jpg\" alt=\"\" class=\"wp-image-791\" srcset=\"https:\/\/www.dwdporabka.pl\/wp-content\/uploads\/2025\/09\/manewry-porabka-1024x768.jpg 1024w, https:\/\/www.dwdporabka.pl\/wp-content\/uploads\/2025\/09\/manewry-porabka-300x225.jpg 300w, https:\/\/www.dwdporabka.pl\/wp-content\/uploads\/2025\/09\/manewry-porabka-768x576.jpg 768w, https:\/\/www.dwdporabka.pl\/wp-content\/uploads\/2025\/09\/manewry-porabka-1536x1152.jpg 1536w, https:\/\/www.dwdporabka.pl\/wp-content\/uploads\/2025\/09\/manewry-porabka.jpg 1600w\" sizes=\"auto, (max-width: 1024px) 100vw, 1024px\" \/><\/figure>\n\n\n\n<figure class=\"wp-block-image size-large\"><img loading=\"lazy\" decoding=\"async\" width=\"768\" height=\"1024\" src=\"https:\/\/www.dwdporabka.pl\/wp-content\/uploads\/2025\/09\/FM-768x1024.jpg\" alt=\"\" class=\"wp-image-792\" srcset=\"https:\/\/www.dwdporabka.pl\/wp-content\/uploads\/2025\/09\/FM-768x1024.jpg 768w, https:\/\/www.dwdporabka.pl\/wp-content\/uploads\/2025\/09\/FM-225x300.jpg 225w, https:\/\/www.dwdporabka.pl\/wp-content\/uploads\/2025\/09\/FM-1152x1536.jpg 1152w, https:\/\/www.dwdporabka.pl\/wp-content\/uploads\/2025\/09\/FM.jpg 1200w\" sizes=\"auto, (max-width: 768px) 100vw, 768px\" \/><\/figure>\n\n\n\n<figure class=\"wp-block-image size-large\"><img loading=\"lazy\" decoding=\"async\" width=\"1024\" height=\"473\" src=\"https:\/\/www.dwdporabka.pl\/wp-content\/uploads\/2025\/09\/347242016_791803052305956_9133709266750107272_n-1024x473.jpg\" alt=\"\" class=\"wp-image-793\" srcset=\"https:\/\/www.dwdporabka.pl\/wp-content\/uploads\/2025\/09\/347242016_791803052305956_9133709266750107272_n-1024x473.jpg 1024w, https:\/\/www.dwdporabka.pl\/wp-content\/uploads\/2025\/09\/347242016_791803052305956_9133709266750107272_n-300x138.jpg 300w, https:\/\/www.dwdporabka.pl\/wp-content\/uploads\/2025\/09\/347242016_791803052305956_9133709266750107272_n-768x354.jpg 768w, https:\/\/www.dwdporabka.pl\/wp-content\/uploads\/2025\/09\/347242016_791803052305956_9133709266750107272_n-1536x709.jpg 1536w, https:\/\/www.dwdporabka.pl\/wp-content\/uploads\/2025\/09\/347242016_791803052305956_9133709266750107272_n.jpg 2048w\" sizes=\"auto, (max-width: 1024px) 100vw, 1024px\" \/><\/figure>\n\n\n\n<figure class=\"wp-block-image size-large\"><img loading=\"lazy\" decoding=\"async\" width=\"768\" height=\"1024\" src=\"https:\/\/www.dwdporabka.pl\/wp-content\/uploads\/2025\/09\/529873055_762460882826364_8378857419836250971_n-768x1024.jpg\" alt=\"\" class=\"wp-image-794\" srcset=\"https:\/\/www.dwdporabka.pl\/wp-content\/uploads\/2025\/09\/529873055_762460882826364_8378857419836250971_n-768x1024.jpg 768w, https:\/\/www.dwdporabka.pl\/wp-content\/uploads\/2025\/09\/529873055_762460882826364_8378857419836250971_n-225x300.jpg 225w, https:\/\/www.dwdporabka.pl\/wp-content\/uploads\/2025\/09\/529873055_762460882826364_8378857419836250971_n-1152x1536.jpg 1152w, https:\/\/www.dwdporabka.pl\/wp-content\/uploads\/2025\/09\/529873055_762460882826364_8378857419836250971_n.jpg 1536w\" sizes=\"auto, (max-width: 768px) 100vw, 768px\" \/><\/figure>\n\n\n\n<figure class=\"wp-block-image size-large\"><img loading=\"lazy\" decoding=\"async\" width=\"768\" height=\"1024\" src=\"https:\/\/www.dwdporabka.pl\/wp-content\/uploads\/2025\/09\/530228732_762460926159693_1455008383965921166_n-768x1024.jpg\" alt=\"\" class=\"wp-image-795\" srcset=\"https:\/\/www.dwdporabka.pl\/wp-content\/uploads\/2025\/09\/530228732_762460926159693_1455008383965921166_n-768x1024.jpg 768w, https:\/\/www.dwdporabka.pl\/wp-content\/uploads\/2025\/09\/530228732_762460926159693_1455008383965921166_n-225x300.jpg 225w, https:\/\/www.dwdporabka.pl\/wp-content\/uploads\/2025\/09\/530228732_762460926159693_1455008383965921166_n-1152x1536.jpg 1152w, https:\/\/www.dwdporabka.pl\/wp-content\/uploads\/2025\/09\/530228732_762460926159693_1455008383965921166_n.jpg 1536w\" sizes=\"auto, (max-width: 768px) 100vw, 768px\" \/><\/figure>\n\n\n\n<figure class=\"wp-block-image size-full\"><img loading=\"lazy\" decoding=\"async\" width=\"768\" height=\"1024\" src=\"https:\/\/www.dwdporabka.pl\/wp-content\/uploads\/2025\/09\/520235825_760812056324580_1925194119191492835_n.jpg\" alt=\"\" class=\"wp-image-796\" srcset=\"https:\/\/www.dwdporabka.pl\/wp-content\/uploads\/2025\/09\/520235825_760812056324580_1925194119191492835_n.jpg 768w, https:\/\/www.dwdporabka.pl\/wp-content\/uploads\/2025\/09\/520235825_760812056324580_1925194119191492835_n-225x300.jpg 225w\" sizes=\"auto, (max-width: 768px) 100vw, 768px\" \/><\/figure>\n\n\n\n<figure class=\"wp-block-image size-large\"><img loading=\"lazy\" decoding=\"async\" width=\"768\" height=\"1024\" src=\"https:\/\/www.dwdporabka.pl\/wp-content\/uploads\/2025\/09\/523881372_752908993781553_307865575683823818_n-768x1024.jpg\" alt=\"\" class=\"wp-image-798\" srcset=\"https:\/\/www.dwdporabka.pl\/wp-content\/uploads\/2025\/09\/523881372_752908993781553_307865575683823818_n-768x1024.jpg 768w, https:\/\/www.dwdporabka.pl\/wp-content\/uploads\/2025\/09\/523881372_752908993781553_307865575683823818_n-225x300.jpg 225w, https:\/\/www.dwdporabka.pl\/wp-content\/uploads\/2025\/09\/523881372_752908993781553_307865575683823818_n-1152x1536.jpg 1152w, https:\/\/www.dwdporabka.pl\/wp-content\/uploads\/2025\/09\/523881372_752908993781553_307865575683823818_n.jpg 1536w\" sizes=\"auto, (max-width: 768px) 100vw, 768px\" \/><\/figure>\n\n\n\n<figure class=\"wp-block-image size-large\"><img loading=\"lazy\" decoding=\"async\" width=\"1024\" height=\"472\" src=\"https:\/\/www.dwdporabka.pl\/wp-content\/uploads\/2025\/09\/518311104_744938087911977_4901053004645441556_n-1024x472.jpg\" alt=\"\" class=\"wp-image-799\" srcset=\"https:\/\/www.dwdporabka.pl\/wp-content\/uploads\/2025\/09\/518311104_744938087911977_4901053004645441556_n-1024x472.jpg 1024w, https:\/\/www.dwdporabka.pl\/wp-content\/uploads\/2025\/09\/518311104_744938087911977_4901053004645441556_n-300x138.jpg 300w, https:\/\/www.dwdporabka.pl\/wp-content\/uploads\/2025\/09\/518311104_744938087911977_4901053004645441556_n-768x354.jpg 768w, https:\/\/www.dwdporabka.pl\/wp-content\/uploads\/2025\/09\/518311104_744938087911977_4901053004645441556_n-1536x709.jpg 1536w, https:\/\/www.dwdporabka.pl\/wp-content\/uploads\/2025\/09\/518311104_744938087911977_4901053004645441556_n-2048x945.jpg 2048w\" sizes=\"auto, (max-width: 1024px) 100vw, 1024px\" \/><\/figure>\n","protected":false},"excerpt":{"rendered":"<p>Od 2021 roku nasza plac\u00f3wka przoduje w dzia\u0142alno\u015bci na rzecz szkolenia Dzieci\u0119cych i M\u0142odzie\u017cowych Dru\u017cyn Po\u017carniczych. Przy wsp\u00f3\u0142pracy z Forum Instruktor\u00f3w Ratownictwo i Edukacja Dru\u017cyn Po\u017carniczych uruchomili\u015bmy kilka znacz\u0105cych projekt\u00f3w:&#8211; CampFire &#8211; obozy pod namiotami dla dzieci w wieku 8-17 lat. Tematyka ratownicza, pierwsza pomoc oraz dzia\u0142ania przeciwpo\u017carowe.&#8211; CampSpark &#8211; kolonia przygotowuj\u0105ca dzieci w wieku [&hellip;]<\/p>\n","protected":false},"author":1,"featured_media":0,"parent":0,"menu_order":0,"comment_status":"closed","ping_status":"closed","template":"","meta":{"ngg_post_thumbnail":0,"footnotes":""},"class_list":["post-788","page","type-page","status-publish","hentry"],"aioseo_notices":[],"_links":{"self":[{"href":"https:\/\/www.dwdporabka.pl\/index.php\/wp-json\/wp\/v2\/pages\/788","targetHints":{"allow":["GET"]}}],"collection":[{"href":"https:\/\/www.dwdporabka.pl\/index.php\/wp-json\/wp\/v2\/pages"}],"about":[{"href":"https:\/\/www.dwdporabka.pl\/index.php\/wp-json\/wp\/v2\/types\/page"}],"author":[{"embeddable":true,"href":"https:\/\/www.dwdporabka.pl\/index.php\/wp-json\/wp\/v2\/users\/1"}],"replies":[{"embeddable":true,"href":"https:\/\/www.dwdporabka.pl\/index.php\/wp-json\/wp\/v2\/comments?post=788"}],"version-history":[{"count":3,"href":"https:\/\/www.dwdporabka.pl\/index.php\/wp-json\/wp\/v2\/pages\/788\/revisions"}],"predecessor-version":[{"id":812,"href":"https:\/\/www.dwdporabka.pl\/index.php\/wp-json\/wp\/v2\/pages\/788\/revisions\/812"}],"wp:attachment":[{"href":"https:\/\/www.dwdporabka.pl\/index.php\/wp-json\/wp\/v2\/media?parent=788"}],"curies":[{"name":"wp","href":"https:\/\/api.w.org\/{rel}","templated":true}]}}