{"id":87,"date":"2020-04-22T13:35:05","date_gmt":"2020-04-22T13:35:05","guid":{"rendered":"http:\/\/www.dwdporabka.pl\/?page_id=87"},"modified":"2026-01-19T07:58:23","modified_gmt":"2026-01-19T07:58:23","slug":"informacja-o-przetwarzaniu-danych-osobowych","status":"publish","type":"page","link":"https:\/\/www.dwdporabka.pl\/index.php\/informacja-o-przetwarzaniu-danych-osobowych\/","title":{"rendered":"Informacja o przetwarzaniu danych osobowych"},"content":{"rendered":"\n<p><strong>Na podstawie art. 37.7 RODO informuj\u0119, \u017ce Inspektorem ochrony danych (IOD) jest Adam Korzuch, mail:\u00a0<a href=\"mailto:korzuch@infoic.pl\">korzuch@infoic.pl<\/a><\/strong><\/p>\n\n\n\n<p class=\"has-text-align-center\">Zgodnie z art. 13 i 14 Rozporz\u0105dzenia Parlamentu Europejskiego i Rady (UE) 2016\/679 z dnia 27 kwietnia 2016 r. w sprawie ochrony os\u00f3b fizycznych w zwi\u0105zku z przetwarzaniem danych osobowych i w sprawie swobodnego przep\u0142ywu takich danych oraz uchylenia dyrektywy 95\/46\/WE (og\u00f3lne rozporz\u0105dzenie o ochronie danych)<\/p>\n\n\n\n<div class=\"wp-block-group\"><div class=\"wp-block-group__inner-container is-layout-flow wp-block-group-is-layout-flow\">\n<div class=\"wp-block-file\"><a href=\"https:\/\/www.dwdporabka.pl\/wp-content\/uploads\/2020\/04\/RODO-Osoby-koresponduj\u0105ce.docx\">RODO Osoby koresponduj\u0105ce<\/a><a href=\"https:\/\/www.dwdporabka.pl\/wp-content\/uploads\/2020\/04\/RODO-Osoby-koresponduj\u0105ce.docx\" class=\"wp-block-file__button wp-element-button\" download>Pobierz<\/a><\/div>\n\n\n\n<div class=\"wp-block-file\"><a href=\"https:\/\/www.dwdporabka.pl\/wp-content\/uploads\/2020\/04\/RODO-Pracownicy.docx\">RODO Pracownicy<\/a><a href=\"https:\/\/www.dwdporabka.pl\/wp-content\/uploads\/2020\/04\/RODO-Pracownicy.docx\" class=\"wp-block-file__button wp-element-button\" download>Pobierz<\/a><\/div>\n\n\n\n<div class=\"wp-block-file\"><a href=\"https:\/\/www.dwdporabka.pl\/wp-content\/uploads\/2020\/04\/RODO-Osoby-sk\u0142adaj\u0105ce-CV.docx\">RODO Osoby sk\u0142adaj\u0105ce CV<\/a><a href=\"https:\/\/www.dwdporabka.pl\/wp-content\/uploads\/2020\/04\/RODO-Osoby-sk\u0142adaj\u0105ce-CV.docx\" class=\"wp-block-file__button wp-element-button\" download>Pobierz<\/a><\/div>\n\n\n\n<div class=\"wp-block-file\"><a href=\"https:\/\/www.dwdporabka.pl\/wp-content\/uploads\/2020\/04\/RODO-Zleceniobiorcy-zamawiajacy.docx\">RODO Zleceniobiorcy zamawiajacy<\/a><a href=\"https:\/\/www.dwdporabka.pl\/wp-content\/uploads\/2020\/04\/RODO-Zleceniobiorcy-zamawiajacy.docx\" class=\"wp-block-file__button wp-element-button\" download>Pobierz<\/a><\/div>\n\n\n\n<div class=\"wp-block-file\"><a href=\"https:\/\/www.dwdporabka.pl\/wp-content\/uploads\/2020\/04\/RODO-ZFSS.docx\">RODO ZFSS<\/a><a href=\"https:\/\/www.dwdporabka.pl\/wp-content\/uploads\/2020\/04\/RODO-ZFSS.docx\" class=\"wp-block-file__button wp-element-button\" download>Pobierz<\/a><\/div>\n\n\n\n<div class=\"wp-block-file\"><a href=\"https:\/\/www.dwdporabka.pl\/wp-content\/uploads\/2020\/04\/RODO-Rekrutacja-dzieci-do-placowki.docx\">RODO Rekrutacja dzieci do placowki<\/a><a href=\"https:\/\/www.dwdporabka.pl\/wp-content\/uploads\/2020\/04\/RODO-Rekrutacja-dzieci-do-placowki.docx\" class=\"wp-block-file__button wp-element-button\" download>Pobierz<\/a><\/div>\n\n\n\n<div class=\"wp-block-file\"><a href=\"https:\/\/www.dwdporabka.pl\/wp-content\/uploads\/2020\/04\/RODO-Rodzice-prawni-opiekunowie-dzieci.docx\">RODO Rodzice prawni opiekunowie dzieci<\/a><a href=\"https:\/\/www.dwdporabka.pl\/wp-content\/uploads\/2020\/04\/RODO-Rodzice-prawni-opiekunowie-dzieci.docx\" class=\"wp-block-file__button wp-element-button\" download>Pobierz<\/a><\/div>\n\n\n\n<div class=\"wp-block-file\"><a href=\"https:\/\/www.dwdporabka.pl\/wp-content\/uploads\/2020\/04\/RODO-Kontrachenci.docx\">RODO Kontrachenci<\/a><a href=\"https:\/\/www.dwdporabka.pl\/wp-content\/uploads\/2020\/04\/RODO-Kontrachenci.docx\" class=\"wp-block-file__button wp-element-button\" download>Pobierz<\/a><\/div>\n\n\n\n<div class=\"wp-block-file\"><a href=\"https:\/\/www.dwdporabka.pl\/wp-content\/uploads\/2020\/04\/RODO-Zapytanie-ofertowe.docx\">RODO Zapytanie ofertowe<\/a><a href=\"https:\/\/www.dwdporabka.pl\/wp-content\/uploads\/2020\/04\/RODO-Zapytanie-ofertowe.docx\" class=\"wp-block-file__button wp-element-button\" download>Pobierz<\/a><\/div>\n\n\n\n<div class=\"wp-block-file\"><a href=\"https:\/\/www.dwdporabka.pl\/wp-content\/uploads\/2020\/04\/RODO-Zam\u00f3wienia-publiczne.docx\">RODO Zam\u00f3wienia publiczne<\/a><a href=\"https:\/\/www.dwdporabka.pl\/wp-content\/uploads\/2020\/04\/RODO-Zam\u00f3wienia-publiczne.docx\" class=\"wp-block-file__button wp-element-button\" download>Pobierz<\/a><\/div>\n<\/div><\/div>\n\n\n","protected":false},"excerpt":{"rendered":"<p>Na podstawie art. 37.7 RODO informuj\u0119, \u017ce Inspektorem ochrony danych (IOD) jest Adam Korzuch, mail:\u00a0korzuch@infoic.pl Zgodnie z art. 13 i 14 Rozporz\u0105dzenia Parlamentu Europejskiego i Rady (UE) 2016\/679 z dnia 27 kwietnia 2016 r. w sprawie ochrony os\u00f3b fizycznych w zwi\u0105zku z przetwarzaniem danych osobowych i w sprawie swobodnego przep\u0142ywu takich danych oraz uchylenia dyrektywy [&hellip;]<\/p>\n","protected":false},"author":1,"featured_media":0,"parent":0,"menu_order":0,"comment_status":"closed","ping_status":"closed","template":"","meta":{"ngg_post_thumbnail":0,"footnotes":""},"class_list":["post-87","page","type-page","status-publish","hentry"],"aioseo_notices":[],"_links":{"self":[{"href":"https:\/\/www.dwdporabka.pl\/index.php\/wp-json\/wp\/v2\/pages\/87","targetHints":{"allow":["GET"]}}],"collection":[{"href":"https:\/\/www.dwdporabka.pl\/index.php\/wp-json\/wp\/v2\/pages"}],"about":[{"href":"https:\/\/www.dwdporabka.pl\/index.php\/wp-json\/wp\/v2\/types\/page"}],"author":[{"embeddable":true,"href":"https:\/\/www.dwdporabka.pl\/index.php\/wp-json\/wp\/v2\/users\/1"}],"replies":[{"embeddable":true,"href":"https:\/\/www.dwdporabka.pl\/index.php\/wp-json\/wp\/v2\/comments?post=87"}],"version-history":[{"count":4,"href":"https:\/\/www.dwdporabka.pl\/index.php\/wp-json\/wp\/v2\/pages\/87\/revisions"}],"predecessor-version":[{"id":862,"href":"https:\/\/www.dwdporabka.pl\/index.php\/wp-json\/wp\/v2\/pages\/87\/revisions\/862"}],"wp:attachment":[{"href":"https:\/\/www.dwdporabka.pl\/index.php\/wp-json\/wp\/v2\/media?parent=87"}],"curies":[{"name":"wp","href":"https:\/\/api.w.org\/{rel}","templated":true}]}}