{"id":92,"date":"2020-04-22T13:41:29","date_gmt":"2020-04-22T13:41:29","guid":{"rendered":"http:\/\/www.dwdporabka.pl\/?page_id=92"},"modified":"2024-04-05T09:10:24","modified_gmt":"2024-04-05T09:10:24","slug":"o-nas","status":"publish","type":"page","link":"https:\/\/www.dwdporabka.pl\/index.php\/o-nas\/","title":{"rendered":"O nas"},"content":{"rendered":"\n<p><strong>Plac\u00f3wka po\u0142o\u017cona jest na terenie przyjaznym ekologicznie w Beskidzie Ma\u0142ym, w<\/strong><strong>&nbsp;malowniczej Dolinie Wielkiej Puszczy, w bezpo\u015brednim s\u0105siedztwie lasu.<\/strong><\/p>\n\n\n\n<p><strong>Plac\u00f3wka posiada\u2026<\/strong><\/p>\n\n\n\n<ul class=\"wp-block-list\">\n<li><strong>Ogrodzony teren rekreacyjny o powierzchni 1 ha w standardzie ogrodu jordanowskiego<\/strong>:<\/li>\n\n\n\n<li>boisko z nawierzchni\u0105 poliuretanow\u0105, <\/li>\n\n\n\n<li>kontener sanitarny (3 ubikacje, 2 kabiny prysznicowe),<\/li>\n\n\n\n<li>miejsce na grilla<\/li>\n\n\n\n<li>plac zabaw,<\/li>\n\n\n\n<li>pracownie plenerowe.<\/li>\n<\/ul>\n\n\n\n<p><\/p>\n\n\n\n<ul class=\"wp-block-list\">\n<li><strong>Budynek<\/strong>:<\/li>\n\n\n\n<li>180 miejsc w pokojach 14 osobowych , po\u0142o\u017conych na dw\u00f3ch kondygnacjach,<\/li>\n\n\n\n<li>\u0142azienki na ka\u017cdym pi\u0119trze po 9 stanowisk do mycia, 6 kabinami prysznicowymi, 6&nbsp;oczkami WC, <\/li>\n\n\n\n<li>osobne pomieszczenie z 12 kabinami natryskowymi,<\/li>\n\n\n\n<li>jadalni\u0119 na 120 miejsc,<\/li>\n\n\n\n<li>w\u0142asn\u0105 kuchni\u0119 promuj\u0105c\u0105 polskie dania,<\/li>\n\n\n\n<li>\u015bwietlic\u0119 ze sprz\u0119tem audio-video oraz o\u015bwietleniem dyskotekowym \/124 m2\/,<\/li>\n\n\n\n<li>4 pracownie \/ok. 50 m2 ka\u017cda\/,<\/li>\n\n\n\n<li>3 pomieszczenia szatni,<\/li>\n\n\n\n<li>2 sale konferencyjne.<\/li>\n<\/ul>\n\n\n\n<p>Organ prowadz\u0105cy: Rada Powiatu w Bielsku-Bia\u0142ej<\/p>\n\n\n\n<p>Nadz\u00f3r pedagogiczny: Kuratorium O\u015bwiaty w Katowicach<\/p>\n","protected":false},"excerpt":{"rendered":"<p>Plac\u00f3wka po\u0142o\u017cona jest na terenie przyjaznym ekologicznie w Beskidzie Ma\u0142ym, w&nbsp;malowniczej Dolinie Wielkiej Puszczy, w bezpo\u015brednim s\u0105siedztwie lasu. Plac\u00f3wka posiada\u2026 Organ prowadz\u0105cy: Rada Powiatu w Bielsku-Bia\u0142ej Nadz\u00f3r pedagogiczny: Kuratorium O\u015bwiaty w Katowicach<\/p>\n","protected":false},"author":1,"featured_media":0,"parent":0,"menu_order":0,"comment_status":"closed","ping_status":"closed","template":"","meta":{"ngg_post_thumbnail":0,"footnotes":""},"class_list":["post-92","page","type-page","status-publish","hentry"],"aioseo_notices":[],"_links":{"self":[{"href":"https:\/\/www.dwdporabka.pl\/index.php\/wp-json\/wp\/v2\/pages\/92","targetHints":{"allow":["GET"]}}],"collection":[{"href":"https:\/\/www.dwdporabka.pl\/index.php\/wp-json\/wp\/v2\/pages"}],"about":[{"href":"https:\/\/www.dwdporabka.pl\/index.php\/wp-json\/wp\/v2\/types\/page"}],"author":[{"embeddable":true,"href":"https:\/\/www.dwdporabka.pl\/index.php\/wp-json\/wp\/v2\/users\/1"}],"replies":[{"embeddable":true,"href":"https:\/\/www.dwdporabka.pl\/index.php\/wp-json\/wp\/v2\/comments?post=92"}],"version-history":[{"count":8,"href":"https:\/\/www.dwdporabka.pl\/index.php\/wp-json\/wp\/v2\/pages\/92\/revisions"}],"predecessor-version":[{"id":461,"href":"https:\/\/www.dwdporabka.pl\/index.php\/wp-json\/wp\/v2\/pages\/92\/revisions\/461"}],"wp:attachment":[{"href":"https:\/\/www.dwdporabka.pl\/index.php\/wp-json\/wp\/v2\/media?parent=92"}],"curies":[{"name":"wp","href":"https:\/\/api.w.org\/{rel}","templated":true}]}}